{"id":809,"date":"2022-02-24T16:16:57","date_gmt":"2022-02-24T16:16:57","guid":{"rendered":"https:\/\/maxiloface.com.co\/?page_id=809"},"modified":"2022-03-24T23:51:34","modified_gmt":"2022-03-24T23:51:34","slug":"cirugia-oral-2","status":"publish","type":"page","link":"https:\/\/maxiloface.com.co\/?page_id=809","title":{"rendered":"Mentoplastia"},"content":{"rendered":"\t\t<div data-elementor-type=\"wp-page\" data-elementor-id=\"809\" class=\"elementor elementor-809\">\n\t\t\t\t\t\t\t\t\t<section class=\"elementor-section elementor-top-section elementor-element elementor-element-a1a7a8d elementor-section-height-min-height elementor-section-boxed elementor-section-height-default elementor-section-items-middle\" data-id=\"a1a7a8d\" data-element_type=\"section\" data-settings=\"{&quot;background_background&quot;:&quot;classic&quot;,&quot;_ha_eqh_enable&quot;:false}\">\n\t\t\t\t\t\t\t<div class=\"elementor-background-overlay\"><\/div>\n\t\t\t\t\t\t\t<div class=\"elementor-container elementor-column-gap-default\">\n\t\t\t\t\t<div class=\"elementor-column elementor-col-100 elementor-top-column elementor-element elementor-element-9deaaf5\" data-id=\"9deaaf5\" data-element_type=\"column\">\n\t\t\t<div class=\"elementor-widget-wrap elementor-element-populated\">\n\t\t\t\t\t\t\t\t<div class=\"elementor-element elementor-element-83d6e57 elementor-widget elementor-widget-heading\" data-id=\"83d6e57\" data-element_type=\"widget\" data-widget_type=\"heading.default\">\n\t\t\t\t<div class=\"elementor-widget-container\">\n\t\t\t<style>\/*! elementor - v3.6.1 - 23-03-2022 *\/\n.elementor-heading-title{padding:0;margin:0;line-height:1}.elementor-widget-heading .elementor-heading-title[class*=elementor-size-]>a{color:inherit;font-size:inherit;line-height:inherit}.elementor-widget-heading .elementor-heading-title.elementor-size-small{font-size:15px}.elementor-widget-heading .elementor-heading-title.elementor-size-medium{font-size:19px}.elementor-widget-heading .elementor-heading-title.elementor-size-large{font-size:29px}.elementor-widget-heading .elementor-heading-title.elementor-size-xl{font-size:39px}.elementor-widget-heading .elementor-heading-title.elementor-size-xxl{font-size:59px}<\/style><h2 class=\"elementor-heading-title elementor-size-default\">Mentoplastia<\/h2>\t\t<\/div>\n\t\t\t\t<\/div>\n\t\t\t\t\t<\/div>\n\t\t<\/div>\n\t\t\t\t\t\t\t<\/div>\n\t\t<\/section>\n\t\t\t\t<section class=\"elementor-section elementor-top-section elementor-element elementor-element-e52a910 elementor-section-boxed elementor-section-height-default elementor-section-height-default\" data-id=\"e52a910\" data-element_type=\"section\" data-settings=\"{&quot;_ha_eqh_enable&quot;:false}\">\n\t\t\t\t\t\t<div class=\"elementor-container elementor-column-gap-default\">\n\t\t\t\t\t<div class=\"elementor-column elementor-col-100 elementor-top-column elementor-element elementor-element-c76f933\" data-id=\"c76f933\" data-element_type=\"column\">\n\t\t\t<div class=\"elementor-widget-wrap elementor-element-populated\">\n\t\t\t\t\t\t\t\t<section class=\"elementor-section elementor-inner-section elementor-element elementor-element-ddc5b7f elementor-section-boxed elementor-section-height-default elementor-section-height-default\" data-id=\"ddc5b7f\" data-element_type=\"section\" data-settings=\"{&quot;_ha_eqh_enable&quot;:false}\">\n\t\t\t\t\t\t<div class=\"elementor-container elementor-column-gap-default\">\n\t\t\t\t\t<div class=\"elementor-column elementor-col-100 elementor-inner-column elementor-element elementor-element-87fdfd3\" data-id=\"87fdfd3\" data-element_type=\"column\">\n\t\t\t<div class=\"elementor-widget-wrap elementor-element-populated\">\n\t\t\t\t\t\t\t\t<div class=\"elementor-element elementor-element-ee63126 elementor-widget elementor-widget-heading\" data-id=\"ee63126\" data-element_type=\"widget\" data-widget_type=\"heading.default\">\n\t\t\t\t<div class=\"elementor-widget-container\">\n\t\t\t<h2 class=\"elementor-heading-title elementor-size-default\">\u00bfEn qu\u00e9 consiste?<\/h2>\t\t<\/div>\n\t\t\t\t<\/div>\n\t\t\t\t<div class=\"elementor-element elementor-element-5ce6d60 elementor-widget elementor-widget-text-editor\" data-id=\"5ce6d60\" data-element_type=\"widget\" data-widget_type=\"text-editor.default\">\n\t\t\t\t<div class=\"elementor-widget-container\">\n\t\t\t<style>\/*! elementor - v3.6.1 - 23-03-2022 *\/\n.elementor-widget-text-editor.elementor-drop-cap-view-stacked .elementor-drop-cap{background-color:#818a91;color:#fff}.elementor-widget-text-editor.elementor-drop-cap-view-framed .elementor-drop-cap{color:#818a91;border:3px solid;background-color:transparent}.elementor-widget-text-editor:not(.elementor-drop-cap-view-default) .elementor-drop-cap{margin-top:8px}.elementor-widget-text-editor:not(.elementor-drop-cap-view-default) .elementor-drop-cap-letter{width:1em;height:1em}.elementor-widget-text-editor .elementor-drop-cap{float:left;text-align:center;line-height:1;font-size:50px}.elementor-widget-text-editor .elementor-drop-cap-letter{display:inline-block}<\/style>\t\t\t\tProcedimiento encaminado a la correcci\u00f3n por aumento, deficiencia o asimetr\u00eda del ment\u00f3n, por medio del corte \u00f3seo del mismo para su reposici\u00f3n y posterior fijaci\u00f3n en la posici\u00f3n anat\u00f3mica ideal por medio de placas y tornillos de osteos\u00edntesis. \n\t\t\t\t\t\t<\/div>\n\t\t\t\t<\/div>\n\t\t\t\t<div class=\"elementor-element elementor-element-f251a6d elementor-widget elementor-widget-heading\" data-id=\"f251a6d\" data-element_type=\"widget\" data-widget_type=\"heading.default\">\n\t\t\t\t<div class=\"elementor-widget-container\">\n\t\t\t<h2 class=\"elementor-heading-title elementor-size-default\">Duraci\u00f3n<\/h2>\t\t<\/div>\n\t\t\t\t<\/div>\n\t\t\t\t<div class=\"elementor-element elementor-element-41049de elementor-widget elementor-widget-text-editor\" data-id=\"41049de\" data-element_type=\"widget\" data-widget_type=\"text-editor.default\">\n\t\t\t\t<div class=\"elementor-widget-container\">\n\t\t\t\t\t\t\tSe realiza bajo anestesia general en salas de cirug\u00eda, el abordaje o la incisi\u00f3n para el procedimiento es por dentro de la boca, debajo de los dientes inferiores, con una incisi\u00f3n m\u00ednima, la duraci\u00f3n del procedimiento es de 40 minutos aproximadamente y no requiere hospitalizaci\u00f3n.  \t\t\t\t\t\t<\/div>\n\t\t\t\t<\/div>\n\t\t\t\t<div class=\"elementor-element elementor-element-b2fb943 elementor-widget elementor-widget-heading\" data-id=\"b2fb943\" data-element_type=\"widget\" data-widget_type=\"heading.default\">\n\t\t\t\t<div class=\"elementor-widget-container\">\n\t\t\t<h2 class=\"elementor-heading-title elementor-size-default\">Recuperaci\u00f3n<\/h2>\t\t<\/div>\n\t\t\t\t<\/div>\n\t\t\t\t<div class=\"elementor-element elementor-element-2662cda elementor-widget elementor-widget-text-editor\" data-id=\"2662cda\" data-element_type=\"widget\" data-widget_type=\"text-editor.default\">\n\t\t\t\t<div class=\"elementor-widget-container\">\n\t\t\t\t\t\t\t<p>Aunque la recuperaci\u00f3n var\u00eda seg\u00fan cada paciente puede tardar entre 8 y 10 d\u00edas.\u00a0<span style=\"color: var( --e-global-color-text ); font-family: var( --e-global-typography-137009c-font-family ), Sans-serif; font-size: var( --e-global-typography-137009c-font-size ); font-style: var( --e-global-typography-text-font-style ); font-weight: var( --e-global-typography-text-font-weight ); letter-spacing: var( --e-global-typography-137009c-letter-spacing ); text-transform: var( --e-global-typography-text-text-transform ); word-spacing: var( --e-global-typography-137009c-word-spacing ); background-color: var( --e-global-color-c15569b );\">Los resultados se pueden evidenciar inmediatamente y hasta la segunda semana.<\/span><span style=\"color: var( --e-global-color-text ); font-family: var( --e-global-typography-137009c-font-family ), Sans-serif; font-size: var( --e-global-typography-137009c-font-size ); font-style: var( --e-global-typography-text-font-style ); font-weight: var( --e-global-typography-text-font-weight ); letter-spacing: var( --e-global-typography-137009c-letter-spacing ); text-transform: var( --e-global-typography-text-text-transform ); word-spacing: var( --e-global-typography-137009c-word-spacing ); background-color: var( --e-global-color-c15569b );\">\u00a0Al finalizar el procedimiento se entregar\u00e1n por escrito las recomendaciones y cuidados postoperatorios, pero en general son: Reposo, dieta fr\u00eda, toma de medicamentos estrictamente por horario y fr\u00edo local (hielo en la zona). Se requiere cita de control a la semana.<\/span><\/p>\t\t\t\t\t\t<\/div>\n\t\t\t\t<\/div>\n\t\t\t\t<div class=\"elementor-element elementor-element-de448e9 elementor-widget elementor-widget-heading\" data-id=\"de448e9\" data-element_type=\"widget\" data-widget_type=\"heading.default\">\n\t\t\t\t<div class=\"elementor-widget-container\">\n\t\t\t<h2 class=\"elementor-heading-title elementor-size-default\">Recomendaciones<\/h2>\t\t<\/div>\n\t\t\t\t<\/div>\n\t\t\t\t<div class=\"elementor-element elementor-element-aff048a elementor-widget elementor-widget-text-editor\" data-id=\"aff048a\" data-element_type=\"widget\" data-widget_type=\"text-editor.default\">\n\t\t\t\t<div class=\"elementor-widget-container\">\n\t\t\t\t\t\t\t<ul><li>El control es generalmente a los 8 d\u00edas del procedimiento y se solicita una radiograf\u00eda panor\u00e1mica.\u00a0<\/li><li>Las molestias posteriores al procedimiento son m\u00ednimas y\/o de f\u00e1cil manejo y predomina el edema o inflamaci\u00f3n y posibles equimosis o morados en la regi\u00f3n del ment\u00f3n.<\/li><li>Aunque los riesgos son poco frecuentes estos pueden ser: Hemorragia, infecci\u00f3n, dolor, edema, hematoma, lesi\u00f3n vascular o nerviosa, da\u00f1o a las ra\u00edces de los dientes anteriores e inferiores.<\/li><\/ul>\t\t\t\t\t\t<\/div>\n\t\t\t\t<\/div>\n\t\t\t\t<div class=\"elementor-element elementor-element-286a354 elementor-widget elementor-widget-button\" data-id=\"286a354\" data-element_type=\"widget\" data-widget_type=\"button.default\">\n\t\t\t\t<div class=\"elementor-widget-container\">\n\t\t\t\t\t<div class=\"elementor-button-wrapper\">\n\t\t\t<a href=\"https:\/\/maxiloface.com.co\/?page_id=75\" class=\"elementor-button-link elementor-button elementor-size-md\" role=\"button\">\n\t\t\t\t\t\t<span class=\"elementor-button-content-wrapper\">\n\t\t\t\t\t\t\t<span class=\"elementor-button-icon elementor-align-icon-right\">\n\t\t\t\t<i aria-hidden=\"true\" class=\"far fa-calendar-check\"><\/i>\t\t\t<\/span>\n\t\t\t\t\t\t<span class=\"elementor-button-text\">Agenda tu cita<\/span>\n\t\t<\/span>\n\t\t\t\t\t<\/a>\n\t\t<\/div>\n\t\t\t\t<\/div>\n\t\t\t\t<\/div>\n\t\t\t\t\t<\/div>\n\t\t<\/div>\n\t\t\t\t\t\t\t<\/div>\n\t\t<\/section>\n\t\t\t\t\t<\/div>\n\t\t<\/div>\n\t\t\t\t\t\t\t<\/div>\n\t\t<\/section>\n\t\t\t\t\t\t\t<\/div>\n\t\t","protected":false},"excerpt":{"rendered":"<p>Mentoplastia \u00bfEn qu\u00e9 consiste? Procedimiento encaminado a la correcci\u00f3n por aumento, deficiencia o asimetr\u00eda del ment\u00f3n, por medio del corte \u00f3seo del mismo para su reposici\u00f3n y posterior fijaci\u00f3n en la posici\u00f3n anat\u00f3mica ideal por medio de placas y tornillos de osteos\u00edntesis. Duraci\u00f3n Se realiza bajo anestesia general en salas de cirug\u00eda, el abordaje o [&hellip;]<\/p>\n","protected":false},"author":1,"featured_media":0,"parent":0,"menu_order":0,"comment_status":"closed","ping_status":"closed","template":"elementor_header_footer","meta":{"_monsterinsights_skip_tracking":false,"_monsterinsights_sitenote_active":false,"_monsterinsights_sitenote_note":"","_monsterinsights_sitenote_category":0,"footnotes":""},"class_list":["post-809","page","type-page","status-publish","hentry"],"_links":{"self":[{"href":"https:\/\/maxiloface.com.co\/index.php?rest_route=\/wp\/v2\/pages\/809","targetHints":{"allow":["GET"]}}],"collection":[{"href":"https:\/\/maxiloface.com.co\/index.php?rest_route=\/wp\/v2\/pages"}],"about":[{"href":"https:\/\/maxiloface.com.co\/index.php?rest_route=\/wp\/v2\/types\/page"}],"author":[{"embeddable":true,"href":"https:\/\/maxiloface.com.co\/index.php?rest_route=\/wp\/v2\/users\/1"}],"replies":[{"embeddable":true,"href":"https:\/\/maxiloface.com.co\/index.php?rest_route=%2Fwp%2Fv2%2Fcomments&post=809"}],"version-history":[{"count":112,"href":"https:\/\/maxiloface.com.co\/index.php?rest_route=\/wp\/v2\/pages\/809\/revisions"}],"predecessor-version":[{"id":2169,"href":"https:\/\/maxiloface.com.co\/index.php?rest_route=\/wp\/v2\/pages\/809\/revisions\/2169"}],"wp:attachment":[{"href":"https:\/\/maxiloface.com.co\/index.php?rest_route=%2Fwp%2Fv2%2Fmedia&parent=809"}],"curies":[{"name":"wp","href":"https:\/\/api.w.org\/{rel}","templated":true}]}}