{"id":772,"date":"2022-02-24T01:36:56","date_gmt":"2022-02-24T01:36:56","guid":{"rendered":"https:\/\/maxiloface.com.co\/?page_id=772"},"modified":"2022-03-26T16:14:56","modified_gmt":"2022-03-26T16:14:56","slug":"implantes-dentales-y-cigomaticos1","status":"publish","type":"page","link":"https:\/\/maxiloface.com.co\/?page_id=772","title":{"rendered":"Implantes dentales y cigom\u00e1ticos"},"content":{"rendered":"\t\t<div data-elementor-type=\"wp-page\" data-elementor-id=\"772\" class=\"elementor elementor-772\">\n\t\t\t\t\t\t\t\t\t<section class=\"elementor-section elementor-top-section elementor-element elementor-element-7d1ed1d elementor-section-height-min-height elementor-section-boxed elementor-section-height-default elementor-section-items-middle\" data-id=\"7d1ed1d\" data-element_type=\"section\" data-settings=\"{&quot;background_background&quot;:&quot;classic&quot;,&quot;_ha_eqh_enable&quot;:false}\">\n\t\t\t\t\t\t\t<div class=\"elementor-background-overlay\"><\/div>\n\t\t\t\t\t\t\t<div class=\"elementor-container elementor-column-gap-default\">\n\t\t\t\t\t<div class=\"elementor-column elementor-col-100 elementor-top-column elementor-element elementor-element-f917d95\" data-id=\"f917d95\" data-element_type=\"column\">\n\t\t\t<div class=\"elementor-widget-wrap elementor-element-populated\">\n\t\t\t\t\t\t\t\t<div class=\"elementor-element elementor-element-9d975a3 elementor-widget elementor-widget-heading\" data-id=\"9d975a3\" data-element_type=\"widget\" data-widget_type=\"heading.default\">\n\t\t\t\t<div class=\"elementor-widget-container\">\n\t\t\t<style>\/*! elementor - v3.6.1 - 23-03-2022 *\/\n.elementor-heading-title{padding:0;margin:0;line-height:1}.elementor-widget-heading .elementor-heading-title[class*=elementor-size-]>a{color:inherit;font-size:inherit;line-height:inherit}.elementor-widget-heading .elementor-heading-title.elementor-size-small{font-size:15px}.elementor-widget-heading .elementor-heading-title.elementor-size-medium{font-size:19px}.elementor-widget-heading .elementor-heading-title.elementor-size-large{font-size:29px}.elementor-widget-heading .elementor-heading-title.elementor-size-xl{font-size:39px}.elementor-widget-heading .elementor-heading-title.elementor-size-xxl{font-size:59px}<\/style><h2 class=\"elementor-heading-title elementor-size-default\">Implantes dentales<br>y cigom\u00e1ticos<\/h2>\t\t<\/div>\n\t\t\t\t<\/div>\n\t\t\t\t\t<\/div>\n\t\t<\/div>\n\t\t\t\t\t\t\t<\/div>\n\t\t<\/section>\n\t\t\t\t<section class=\"elementor-section elementor-top-section elementor-element elementor-element-dcdad24 elementor-section-boxed elementor-section-height-default elementor-section-height-default\" data-id=\"dcdad24\" data-element_type=\"section\" id=\"frenillo\" data-settings=\"{&quot;_ha_eqh_enable&quot;:false}\">\n\t\t\t\t\t\t<div class=\"elementor-container elementor-column-gap-default\">\n\t\t\t\t\t<div class=\"elementor-column elementor-col-100 elementor-top-column elementor-element elementor-element-da834d9\" data-id=\"da834d9\" data-element_type=\"column\">\n\t\t\t<div class=\"elementor-widget-wrap elementor-element-populated\">\n\t\t\t\t\t\t\t\t<section class=\"elementor-section elementor-inner-section elementor-element elementor-element-3acdd47 elementor-section-boxed elementor-section-height-default elementor-section-height-default\" data-id=\"3acdd47\" data-element_type=\"section\" data-settings=\"{&quot;_ha_eqh_enable&quot;:false}\">\n\t\t\t\t\t\t<div class=\"elementor-container elementor-column-gap-default\">\n\t\t\t\t\t<div class=\"elementor-column elementor-col-100 elementor-inner-column elementor-element elementor-element-74d9e0f\" data-id=\"74d9e0f\" data-element_type=\"column\">\n\t\t\t<div class=\"elementor-widget-wrap elementor-element-populated\">\n\t\t\t\t\t\t\t\t<div class=\"elementor-element elementor-element-0fdbe35 elementor-widget elementor-widget-heading\" data-id=\"0fdbe35\" data-element_type=\"widget\" data-widget_type=\"heading.default\">\n\t\t\t\t<div class=\"elementor-widget-container\">\n\t\t\t<h2 class=\"elementor-heading-title elementor-size-default\">\u00bfEn qu\u00e9 consiste?<\/h2>\t\t<\/div>\n\t\t\t\t<\/div>\n\t\t\t\t<div class=\"elementor-element elementor-element-e3b1420 elementor-widget elementor-widget-text-editor\" data-id=\"e3b1420\" data-element_type=\"widget\" data-widget_type=\"text-editor.default\">\n\t\t\t\t<div class=\"elementor-widget-container\">\n\t\t\t<style>\/*! elementor - v3.6.1 - 23-03-2022 *\/\n.elementor-widget-text-editor.elementor-drop-cap-view-stacked .elementor-drop-cap{background-color:#818a91;color:#fff}.elementor-widget-text-editor.elementor-drop-cap-view-framed .elementor-drop-cap{color:#818a91;border:3px solid;background-color:transparent}.elementor-widget-text-editor:not(.elementor-drop-cap-view-default) .elementor-drop-cap{margin-top:8px}.elementor-widget-text-editor:not(.elementor-drop-cap-view-default) .elementor-drop-cap-letter{width:1em;height:1em}.elementor-widget-text-editor .elementor-drop-cap{float:left;text-align:center;line-height:1;font-size:50px}.elementor-widget-text-editor .elementor-drop-cap-letter{display:inline-block}<\/style>\t\t\t\t<p>Reemplazo de las ra\u00edces dentales<\/p>\t\t\t\t\t\t<\/div>\n\t\t\t\t<\/div>\n\t\t\t\t<div class=\"elementor-element elementor-element-e566717 elementor-widget elementor-widget-heading\" data-id=\"e566717\" data-element_type=\"widget\" data-widget_type=\"heading.default\">\n\t\t\t\t<div class=\"elementor-widget-container\">\n\t\t\t<h2 class=\"elementor-heading-title elementor-size-default\">Procedimiento<\/h2>\t\t<\/div>\n\t\t\t\t<\/div>\n\t\t\t\t<div class=\"elementor-element elementor-element-b8d1e4f elementor-widget elementor-widget-text-editor\" data-id=\"b8d1e4f\" data-element_type=\"widget\" data-widget_type=\"text-editor.default\">\n\t\t\t\t<div class=\"elementor-widget-container\">\n\t\t\t\t\t\t\t<p>Procedimiento encaminado al reemplazo de las piezas dentales faltantes o da\u00f1adas. Se pueden realizar en el mismo momento de una extracci\u00f3n dental. La primera fase es realizada reemplazando y posicionando la ra\u00edz dental faltante por un elemento cil\u00edndrico con roscas (implante dental), que se atornilla en el hueso del maxilar implicado y que se debe dejar cubierto por enc\u00eda hasta su completa oseointegraci\u00f3n (cicatrizaci\u00f3n). La segunda fase debe ser realizada por uno de nuestros aliados especialistas como lo es un Rehabilitador Oral, momento en el cual ya se podr\u00e1 ver la corona que va atornillada al implante previamente puesto.<\/p>\n<p>En el caso de presentar atrofia severa maxilar (hueso insuficiente) para la inserci\u00f3n de los implantes convencionales, existe la posibilidad de la colocaci\u00f3n de implantes cigom\u00e1ticos que van anclados al hueso malar. Procedimiento que se realiza bajo anestesia general.<\/p>\t\t\t\t\t\t<\/div>\n\t\t\t\t<\/div>\n\t\t\t\t<div class=\"elementor-element elementor-element-36296d1 elementor-widget elementor-widget-heading\" data-id=\"36296d1\" data-element_type=\"widget\" data-widget_type=\"heading.default\">\n\t\t\t\t<div class=\"elementor-widget-container\">\n\t\t\t<h2 class=\"elementor-heading-title elementor-size-default\">Duraci\u00f3n<\/h2>\t\t<\/div>\n\t\t\t\t<\/div>\n\t\t\t\t<div class=\"elementor-element elementor-element-35df1a6 elementor-widget elementor-widget-text-editor\" data-id=\"35df1a6\" data-element_type=\"widget\" data-widget_type=\"text-editor.default\">\n\t\t\t\t<div class=\"elementor-widget-container\">\n\t\t\t\t\t\t\tSe realiza bajo anestesia local en nuestro consultorio, la duraci\u00f3n del procedimiento es de 40 minutos aproximadamente por implante y puede variar seg\u00fan la cantidad y los procedimientos adicionales como injertos \u00f3seos o elevaci\u00f3n de seno maxilar y no requiere hospitalizaci\u00f3n. Previo a iniciar la segunda fase, es necesaria una peque\u00f1a intervenci\u00f3n bajo anestesia local, para abrir la enc\u00eda que recubre el o los implantes y as\u00ed iniciar atornillando aditamentos que van a ir fijos al implante y ser\u00e1n reemplazados de ah\u00ed en adelante por el Rehabilitador Oral.\t\t\t\t\t\t<\/div>\n\t\t\t\t<\/div>\n\t\t\t\t<div class=\"elementor-element elementor-element-de156ea elementor-widget elementor-widget-heading\" data-id=\"de156ea\" data-element_type=\"widget\" data-widget_type=\"heading.default\">\n\t\t\t\t<div class=\"elementor-widget-container\">\n\t\t\t<h2 class=\"elementor-heading-title elementor-size-default\">Recuperaci\u00f3n <\/h2>\t\t<\/div>\n\t\t\t\t<\/div>\n\t\t\t\t<div class=\"elementor-element elementor-element-7f1a282 elementor-widget elementor-widget-text-editor\" data-id=\"7f1a282\" data-element_type=\"widget\" data-widget_type=\"text-editor.default\">\n\t\t\t\t<div class=\"elementor-widget-container\">\n\t\t\t\t\t\t\t<p>Aunque la recuperaci\u00f3n var\u00eda de paciente a paciente puede tardar entre 3 y 8 d\u00edas. Al finalizar el procedimiento se entregar\u00e1n por escrito las recomendaciones y cuidados postoperatorios pero en general son: Reposo, dieta fr\u00eda, toma de medicamentos estrictamente por horario. Se requiere de cita de control a la semana.<\/p>\t\t\t\t\t\t<\/div>\n\t\t\t\t<\/div>\n\t\t\t\t<div class=\"elementor-element elementor-element-2e65670 elementor-widget elementor-widget-heading\" data-id=\"2e65670\" data-element_type=\"widget\" data-widget_type=\"heading.default\">\n\t\t\t\t<div class=\"elementor-widget-container\">\n\t\t\t<h2 class=\"elementor-heading-title elementor-size-default\">Resultados<\/h2>\t\t<\/div>\n\t\t\t\t<\/div>\n\t\t\t\t<div class=\"elementor-element elementor-element-3754091 elementor-widget elementor-widget-text-editor\" data-id=\"3754091\" data-element_type=\"widget\" data-widget_type=\"text-editor.default\">\n\t\t\t\t<div class=\"elementor-widget-container\">\n\t\t\t\t\t\t\t<p>Aunque los resultados no se pueden evidenciar inmediatamente, en el control por medio de una radiograf\u00eda panor\u00e1mica se puede ver la posici\u00f3n de los implantes. Las molestias posteriores al procedimiento son m\u00ednimas y\/o de f\u00e1cil manejo y seg\u00fan la zona intervenida y cantidad de procedimientos puede predominar el edema o inflamaci\u00f3n y posibles equimosis o morados.\u00a0<\/p><ul><li>Aunque los riesgos son poco frecuentes estos pueden ser: Hemorragia, hematoma, lesi\u00f3n vascular o nerviosa, da\u00f1o a las ra\u00edces de los dientes adyacentes, p\u00e9rdida o fracaso de la oseointegraci\u00f3n.<\/li><li>Se requiere cita de control a la semana.<\/li><li>Las molestias posteriores al procedimiento son m\u00ednimas y\/o de f\u00e1cil manejo.<\/li><li>Aunque los riesgos son poco frecuentes estos pueden ser: Dolor, hemorragia, hematoma, lesi\u00f3n vascular o nerviosa, fracturas \u00f3seas.<\/li><\/ul>\t\t\t\t\t\t<\/div>\n\t\t\t\t<\/div>\n\t\t\t\t<div class=\"elementor-element elementor-element-5da5786 elementor-widget elementor-widget-global elementor-global-1619 elementor-widget-button\" data-id=\"5da5786\" data-element_type=\"widget\" data-widget_type=\"button.default\">\n\t\t\t\t<div class=\"elementor-widget-container\">\n\t\t\t\t\t<div class=\"elementor-button-wrapper\">\n\t\t\t<a href=\"https:\/\/maxiloface.com.co\/?page_id=75\" class=\"elementor-button-link elementor-button elementor-size-md\" role=\"button\">\n\t\t\t\t\t\t<span class=\"elementor-button-content-wrapper\">\n\t\t\t\t\t\t\t<span class=\"elementor-button-icon elementor-align-icon-right\">\n\t\t\t\t<i aria-hidden=\"true\" class=\"far fa-calendar-check\"><\/i>\t\t\t<\/span>\n\t\t\t\t\t\t<span class=\"elementor-button-text\">Agenda tu cita<\/span>\n\t\t<\/span>\n\t\t\t\t\t<\/a>\n\t\t<\/div>\n\t\t\t\t<\/div>\n\t\t\t\t<\/div>\n\t\t\t\t\t<\/div>\n\t\t<\/div>\n\t\t\t\t\t\t\t<\/div>\n\t\t<\/section>\n\t\t\t\t\t<\/div>\n\t\t<\/div>\n\t\t\t\t\t\t\t<\/div>\n\t\t<\/section>\n\t\t\t\t\t\t\t<\/div>\n\t\t","protected":false},"excerpt":{"rendered":"<p>Implantes dentalesy cigom\u00e1ticos \u00bfEn qu\u00e9 consiste? Reemplazo de las ra\u00edces dentales Procedimiento Procedimiento encaminado al reemplazo de las piezas dentales faltantes o da\u00f1adas. Se pueden realizar en el mismo momento de una extracci\u00f3n dental. La primera fase es realizada reemplazando y posicionando la ra\u00edz dental faltante por un elemento cil\u00edndrico con roscas (implante dental), que [&hellip;]<\/p>\n","protected":false},"author":1,"featured_media":0,"parent":0,"menu_order":0,"comment_status":"closed","ping_status":"closed","template":"elementor_header_footer","meta":{"_monsterinsights_skip_tracking":false,"_monsterinsights_sitenote_active":false,"_monsterinsights_sitenote_note":"","_monsterinsights_sitenote_category":0,"footnotes":""},"class_list":["post-772","page","type-page","status-publish","hentry"],"_links":{"self":[{"href":"https:\/\/maxiloface.com.co\/index.php?rest_route=\/wp\/v2\/pages\/772","targetHints":{"allow":["GET"]}}],"collection":[{"href":"https:\/\/maxiloface.com.co\/index.php?rest_route=\/wp\/v2\/pages"}],"about":[{"href":"https:\/\/maxiloface.com.co\/index.php?rest_route=\/wp\/v2\/types\/page"}],"author":[{"embeddable":true,"href":"https:\/\/maxiloface.com.co\/index.php?rest_route=\/wp\/v2\/users\/1"}],"replies":[{"embeddable":true,"href":"https:\/\/maxiloface.com.co\/index.php?rest_route=%2Fwp%2Fv2%2Fcomments&post=772"}],"version-history":[{"count":111,"href":"https:\/\/maxiloface.com.co\/index.php?rest_route=\/wp\/v2\/pages\/772\/revisions"}],"predecessor-version":[{"id":2199,"href":"https:\/\/maxiloface.com.co\/index.php?rest_route=\/wp\/v2\/pages\/772\/revisions\/2199"}],"wp:attachment":[{"href":"https:\/\/maxiloface.com.co\/index.php?rest_route=%2Fwp%2Fv2%2Fmedia&parent=772"}],"curies":[{"name":"wp","href":"https:\/\/api.w.org\/{rel}","templated":true}]}}