{"id":596,"date":"2022-02-23T00:08:22","date_gmt":"2022-02-23T00:08:22","guid":{"rendered":"https:\/\/maxiloface.com.co\/?page_id=596"},"modified":"2022-03-25T18:09:18","modified_gmt":"2022-03-25T18:09:18","slug":"596-2","status":"publish","type":"page","link":"https:\/\/maxiloface.com.co\/?page_id=596","title":{"rendered":"Dra. Teomelila Guerra Araujo"},"content":{"rendered":"\t\t<div data-elementor-type=\"wp-page\" data-elementor-id=\"596\" class=\"elementor elementor-596\">\n\t\t\t\t\t\t\t\t\t<section class=\"elementor-section elementor-top-section elementor-element elementor-element-3984a34 elementor-section-height-min-height elementor-section-boxed elementor-section-height-default elementor-section-items-middle\" data-id=\"3984a34\" data-element_type=\"section\" data-settings=\"{&quot;background_background&quot;:&quot;classic&quot;,&quot;_ha_eqh_enable&quot;:false}\">\n\t\t\t\t\t\t\t<div class=\"elementor-background-overlay\"><\/div>\n\t\t\t\t\t\t\t<div class=\"elementor-container elementor-column-gap-default\">\n\t\t\t\t\t<div class=\"elementor-column elementor-col-100 elementor-top-column elementor-element elementor-element-4713cca\" data-id=\"4713cca\" data-element_type=\"column\">\n\t\t\t<div class=\"elementor-widget-wrap elementor-element-populated\">\n\t\t\t\t\t\t\t\t\t<\/div>\n\t\t<\/div>\n\t\t\t\t\t\t\t<\/div>\n\t\t<\/section>\n\t\t\t\t<section class=\"elementor-section elementor-top-section elementor-element elementor-element-947c0dc elementor-section-boxed elementor-section-height-default elementor-section-height-default\" data-id=\"947c0dc\" data-element_type=\"section\" data-settings=\"{&quot;_ha_eqh_enable&quot;:false}\">\n\t\t\t\t\t\t<div class=\"elementor-container elementor-column-gap-default\">\n\t\t\t\t\t<div class=\"elementor-column elementor-col-100 elementor-top-column elementor-element elementor-element-b942ae5\" data-id=\"b942ae5\" data-element_type=\"column\">\n\t\t\t<div class=\"elementor-widget-wrap elementor-element-populated\">\n\t\t\t\t\t\t\t\t<section class=\"elementor-section elementor-inner-section elementor-element elementor-element-3800a91 elementor-section-boxed elementor-section-height-default elementor-section-height-default\" data-id=\"3800a91\" data-element_type=\"section\" data-settings=\"{&quot;_ha_eqh_enable&quot;:false}\">\n\t\t\t\t\t\t<div class=\"elementor-container elementor-column-gap-default\">\n\t\t\t\t\t<div class=\"elementor-column elementor-col-100 elementor-inner-column elementor-element elementor-element-36b8e4d\" data-id=\"36b8e4d\" data-element_type=\"column\">\n\t\t\t<div class=\"elementor-widget-wrap elementor-element-populated\">\n\t\t\t\t\t\t\t\t<div class=\"elementor-element elementor-element-efd145a elementor-widget elementor-widget-heading\" data-id=\"efd145a\" data-element_type=\"widget\" data-widget_type=\"heading.default\">\n\t\t\t\t<div class=\"elementor-widget-container\">\n\t\t\t<style>\/*! elementor - v3.6.1 - 23-03-2022 *\/\n.elementor-heading-title{padding:0;margin:0;line-height:1}.elementor-widget-heading .elementor-heading-title[class*=elementor-size-]>a{color:inherit;font-size:inherit;line-height:inherit}.elementor-widget-heading .elementor-heading-title.elementor-size-small{font-size:15px}.elementor-widget-heading .elementor-heading-title.elementor-size-medium{font-size:19px}.elementor-widget-heading .elementor-heading-title.elementor-size-large{font-size:29px}.elementor-widget-heading .elementor-heading-title.elementor-size-xl{font-size:39px}.elementor-widget-heading .elementor-heading-title.elementor-size-xxl{font-size:59px}<\/style><h2 class=\"elementor-heading-title elementor-size-default\"><b>Dra. Teomelila Guerra Araujo<\/b><\/h2>\t\t<\/div>\n\t\t\t\t<\/div>\n\t\t\t\t<div class=\"elementor-element elementor-element-6b3d891 elementor-widget elementor-widget-text-editor\" data-id=\"6b3d891\" data-element_type=\"widget\" data-widget_type=\"text-editor.default\">\n\t\t\t\t<div class=\"elementor-widget-container\">\n\t\t\t<style>\/*! elementor - v3.6.1 - 23-03-2022 *\/\n.elementor-widget-text-editor.elementor-drop-cap-view-stacked .elementor-drop-cap{background-color:#818a91;color:#fff}.elementor-widget-text-editor.elementor-drop-cap-view-framed .elementor-drop-cap{color:#818a91;border:3px solid;background-color:transparent}.elementor-widget-text-editor:not(.elementor-drop-cap-view-default) .elementor-drop-cap{margin-top:8px}.elementor-widget-text-editor:not(.elementor-drop-cap-view-default) .elementor-drop-cap-letter{width:1em;height:1em}.elementor-widget-text-editor .elementor-drop-cap{float:left;text-align:center;line-height:1;font-size:50px}.elementor-widget-text-editor .elementor-drop-cap-letter{display:inline-block}<\/style>\t\t\t\t<p>Cirujana Oral y Maxilofacial con postgrado en la Pontificia Universidad Javeriana de Bogot\u00e1,, Colombia a\u00f1o 2004. Pertenece a la Asociaci\u00f3n Colombiana de Cirug\u00eda Oral y Maxilofacial (ACCOMF) y a la International Association Of Oral and Maxilofacial Surgeons (IAOMS).<\/p>\n<p>Lo anterior le permite mejorar la calidad y seguridad de la atenci\u00f3n en salud hac\u00eda la poblaci\u00f3n en las distintas etapas del ser humano.&nbsp;<\/p>\t\t\t\t\t\t<\/div>\n\t\t\t\t<\/div>\n\t\t\t\t<div class=\"elementor-element elementor-element-1d5bf7e elementor-widget elementor-widget-heading\" data-id=\"1d5bf7e\" data-element_type=\"widget\" data-widget_type=\"heading.default\">\n\t\t\t\t<div class=\"elementor-widget-container\">\n\t\t\t<h2 class=\"elementor-heading-title elementor-size-default\">Experiencia<\/h2>\t\t<\/div>\n\t\t\t\t<\/div>\n\t\t\t\t<div class=\"elementor-element elementor-element-df05fe7 elementor-widget elementor-widget-text-editor\" data-id=\"df05fe7\" data-element_type=\"widget\" data-widget_type=\"text-editor.default\">\n\t\t\t\t<div class=\"elementor-widget-container\">\n\t\t\t\t\t\t\t<p><span style=\"font-size: 18px; text-align: justify;\">En sus 15 a\u00f1os de experiencia hospitalaria en el sector p\u00fablico y privado, ha realizado m\u00faltiples procedimientos quir\u00fargicos, entre ellos, cirug\u00edas ortogn\u00e1ticas, traumas faciales, patolog\u00edas de la articulaci\u00f3n tempomandibular, bichectom\u00eda, mentoplastia, implantes dentales, regeneraci\u00f3n \u00f3sea, elevaci\u00f3n de senos maxilares y cirug\u00eda oral.<\/span><\/p>\t\t\t\t\t\t<\/div>\n\t\t\t\t<\/div>\n\t\t\t\t<div class=\"elementor-element elementor-element-e75048d elementor-widget elementor-widget-heading\" data-id=\"e75048d\" data-element_type=\"widget\" data-widget_type=\"heading.default\">\n\t\t\t\t<div class=\"elementor-widget-container\">\n\t\t\t<h2 class=\"elementor-heading-title elementor-size-default\">Reconocimientos y crecimiento profesional<\/h2>\t\t<\/div>\n\t\t\t\t<\/div>\n\t\t\t\t<div class=\"elementor-element elementor-element-f1a6b97 elementor-widget elementor-widget-text-editor\" data-id=\"f1a6b97\" data-element_type=\"widget\" data-widget_type=\"text-editor.default\">\n\t\t\t\t<div class=\"elementor-widget-container\">\n\t\t\t\t\t\t\t<p style=\"font-size: 18px; text-align: justify;\">En su trayectoria profesional ha tenido varios reconocimiento p\u00fablicos, por su aporte en la atenci\u00f3n en salud. (Alcald\u00eda y Secretar\u00eda de Salud de Bogot\u00e1, RCN, Espectador, Asociaci\u00f3n Colombia de Cirug\u00eda Oral y Maxilofacial)<\/p>\n<p style=\"text-align: justify;\"><span style=\"font-size: 18px;\">Para su crecimiento profesional asiste peri\u00f3dicamente a m\u00faltiples congresos y cursos a nivel nacional e internacional en su especialidad en diferentes pa\u00edses como Francia en 2011, Alemania en 2012, Chile en 2013, Espa\u00f1a en 2014 y Argentina en 2017. Adem\u00e1s ha sido Profesora visitante en el Departamento de Cirug\u00eda Oral y Maxilofacial de la Universidad de Florida -Colegio de Medicina, Jacksonville- en el 2022, que le permite una actualizaci\u00f3n te\u00f3rico-pr\u00e1ctica para colocarla al servicio de la sociedad.<\/span><br><\/p>\t\t\t\t\t\t<\/div>\n\t\t\t\t<\/div>\n\t\t\t\t<div class=\"elementor-element elementor-element-5d64c90 elementor-widget elementor-widget-heading\" data-id=\"5d64c90\" data-element_type=\"widget\" data-widget_type=\"heading.default\">\n\t\t\t\t<div class=\"elementor-widget-container\">\n\t\t\t<h2 class=\"elementor-heading-title elementor-size-default\">Publicaciones acad\u00e9micas<\/h2>\t\t<\/div>\n\t\t\t\t<\/div>\n\t\t\t\t<div class=\"elementor-element elementor-element-6bb38fb elementor-widget elementor-widget-text-editor\" data-id=\"6bb38fb\" data-element_type=\"widget\" data-widget_type=\"text-editor.default\">\n\t\t\t\t<div class=\"elementor-widget-container\">\n\t\t\t\t\t\t\t<p>Como aporte acad\u00e9mico y cient\u00edfico ha publicado:<\/p><p>\u201cEl Manual de Manejo Abierto de Fracturas Condilares Mandibulares\u201d, a\u00f1o 2018.&nbsp;<\/p><p><br>&#8220;Open Reduction of Condylar Fractures Using 8 Different Plate Osteosynthesis Methods&#8221;, en la revista E-Cronicon Open Access, Septiembre 19, 2020.<\/p>\t\t\t\t\t\t<\/div>\n\t\t\t\t<\/div>\n\t\t\t\t\t<\/div>\n\t\t<\/div>\n\t\t\t\t\t\t\t<\/div>\n\t\t<\/section>\n\t\t\t\t\t<\/div>\n\t\t<\/div>\n\t\t\t\t\t\t\t<\/div>\n\t\t<\/section>\n\t\t\t\t\t\t\t<\/div>\n\t\t","protected":false},"excerpt":{"rendered":"<p>Dra. Teomelila Guerra Araujo Cirujana Oral y Maxilofacial con postgrado en la Pontificia Universidad Javeriana de Bogot\u00e1,, Colombia a\u00f1o 2004. Pertenece a la Asociaci\u00f3n Colombiana de Cirug\u00eda Oral y Maxilofacial (ACCOMF) y a la International Association Of Oral and Maxilofacial Surgeons (IAOMS). Lo anterior le permite mejorar la calidad y seguridad de la atenci\u00f3n en [&hellip;]<\/p>\n","protected":false},"author":1,"featured_media":0,"parent":0,"menu_order":0,"comment_status":"closed","ping_status":"closed","template":"elementor_header_footer","meta":{"_monsterinsights_skip_tracking":false,"_monsterinsights_sitenote_active":false,"_monsterinsights_sitenote_note":"","_monsterinsights_sitenote_category":0,"footnotes":""},"class_list":["post-596","page","type-page","status-publish","hentry"],"_links":{"self":[{"href":"https:\/\/maxiloface.com.co\/index.php?rest_route=\/wp\/v2\/pages\/596","targetHints":{"allow":["GET"]}}],"collection":[{"href":"https:\/\/maxiloface.com.co\/index.php?rest_route=\/wp\/v2\/pages"}],"about":[{"href":"https:\/\/maxiloface.com.co\/index.php?rest_route=\/wp\/v2\/types\/page"}],"author":[{"embeddable":true,"href":"https:\/\/maxiloface.com.co\/index.php?rest_route=\/wp\/v2\/users\/1"}],"replies":[{"embeddable":true,"href":"https:\/\/maxiloface.com.co\/index.php?rest_route=%2Fwp%2Fv2%2Fcomments&post=596"}],"version-history":[{"count":47,"href":"https:\/\/maxiloface.com.co\/index.php?rest_route=\/wp\/v2\/pages\/596\/revisions"}],"predecessor-version":[{"id":2184,"href":"https:\/\/maxiloface.com.co\/index.php?rest_route=\/wp\/v2\/pages\/596\/revisions\/2184"}],"wp:attachment":[{"href":"https:\/\/maxiloface.com.co\/index.php?rest_route=%2Fwp%2Fv2%2Fmedia&parent=596"}],"curies":[{"name":"wp","href":"https:\/\/api.w.org\/{rel}","templated":true}]}}