{"id":2067,"date":"2022-03-24T17:24:01","date_gmt":"2022-03-24T17:24:01","guid":{"rendered":"https:\/\/maxiloface.com.co\/?page_id=2067"},"modified":"2022-03-24T17:30:01","modified_gmt":"2022-03-24T17:30:01","slug":"dra-teomelila-guerra-araujo","status":"publish","type":"page","link":"https:\/\/maxiloface.com.co\/?page_id=2067","title":{"rendered":"Dr. Luis Alberto Guerra Araujo"},"content":{"rendered":"\t\t<div data-elementor-type=\"wp-page\" data-elementor-id=\"2067\" class=\"elementor elementor-2067\">\n\t\t\t\t\t\t\t\t\t<section class=\"elementor-section elementor-top-section elementor-element elementor-element-3984a34 elementor-section-height-min-height elementor-section-boxed elementor-section-height-default elementor-section-items-middle\" data-id=\"3984a34\" data-element_type=\"section\" data-settings=\"{&quot;background_background&quot;:&quot;classic&quot;,&quot;_ha_eqh_enable&quot;:false}\">\n\t\t\t\t\t\t\t<div class=\"elementor-background-overlay\"><\/div>\n\t\t\t\t\t\t\t<div class=\"elementor-container elementor-column-gap-default\">\n\t\t\t\t\t<div class=\"elementor-column elementor-col-50 elementor-top-column elementor-element elementor-element-4713cca\" data-id=\"4713cca\" data-element_type=\"column\">\n\t\t\t<div class=\"elementor-widget-wrap elementor-element-populated\">\n\t\t\t\t\t\t\t\t<div class=\"elementor-element elementor-element-efd145a elementor-widget elementor-widget-heading\" data-id=\"efd145a\" data-element_type=\"widget\" data-widget_type=\"heading.default\">\n\t\t\t\t<div class=\"elementor-widget-container\">\n\t\t\t<style>\/*! elementor - v3.6.1 - 23-03-2022 *\/\n.elementor-heading-title{padding:0;margin:0;line-height:1}.elementor-widget-heading .elementor-heading-title[class*=elementor-size-]>a{color:inherit;font-size:inherit;line-height:inherit}.elementor-widget-heading .elementor-heading-title.elementor-size-small{font-size:15px}.elementor-widget-heading .elementor-heading-title.elementor-size-medium{font-size:19px}.elementor-widget-heading .elementor-heading-title.elementor-size-large{font-size:29px}.elementor-widget-heading .elementor-heading-title.elementor-size-xl{font-size:39px}.elementor-widget-heading .elementor-heading-title.elementor-size-xxl{font-size:59px}<\/style><h2 class=\"elementor-heading-title elementor-size-default\"><b>Dr. Luis Alberto Guerra Araujo<\/b><\/h2>\t\t<\/div>\n\t\t\t\t<\/div>\n\t\t\t\t\t<\/div>\n\t\t<\/div>\n\t\t\t\t<div class=\"elementor-column elementor-col-50 elementor-top-column elementor-element elementor-element-61f6d09\" data-id=\"61f6d09\" data-element_type=\"column\">\n\t\t\t<div class=\"elementor-widget-wrap elementor-element-populated\">\n\t\t\t\t\t\t\t\t<div class=\"elementor-element elementor-element-d49a7ea elementor-widget elementor-widget-image\" data-id=\"d49a7ea\" data-element_type=\"widget\" data-widget_type=\"image.default\">\n\t\t\t\t<div class=\"elementor-widget-container\">\n\t\t\t<style>\/*! elementor - v3.6.1 - 23-03-2022 *\/\n.elementor-widget-image{text-align:center}.elementor-widget-image a{display:inline-block}.elementor-widget-image a img[src$=\".svg\"]{width:48px}.elementor-widget-image img{vertical-align:middle;display:inline-block}<\/style>\t\t\t\t\t\t\t\t\t\t\t\t<img loading=\"lazy\" decoding=\"async\" width=\"768\" height=\"711\" src=\"https:\/\/maxiloface.com.co\/wp-content\/uploads\/2022\/03\/dr_luis_guerra_araujo_cambio1980_q-768x711.png\" class=\"attachment-medium_large size-medium_large\" alt=\"\" srcset=\"https:\/\/maxiloface.com.co\/wp-content\/uploads\/2022\/03\/dr_luis_guerra_araujo_cambio1980_q-768x711.png 768w, https:\/\/maxiloface.com.co\/wp-content\/uploads\/2022\/03\/dr_luis_guerra_araujo_cambio1980_q-300x278.png 300w, https:\/\/maxiloface.com.co\/wp-content\/uploads\/2022\/03\/dr_luis_guerra_araujo_cambio1980_q-1024x949.png 1024w, https:\/\/maxiloface.com.co\/wp-content\/uploads\/2022\/03\/dr_luis_guerra_araujo_cambio1980_q.png 1291w\" sizes=\"auto, (max-width: 768px) 100vw, 768px\" \/>\t\t\t\t\t\t\t\t\t\t\t\t\t\t\t<\/div>\n\t\t\t\t<\/div>\n\t\t\t\t\t<\/div>\n\t\t<\/div>\n\t\t\t\t\t\t\t<\/div>\n\t\t<\/section>\n\t\t\t\t<section class=\"elementor-section elementor-top-section elementor-element elementor-element-947c0dc elementor-section-boxed elementor-section-height-default elementor-section-height-default\" data-id=\"947c0dc\" data-element_type=\"section\" data-settings=\"{&quot;_ha_eqh_enable&quot;:false}\">\n\t\t\t\t\t\t<div class=\"elementor-container elementor-column-gap-default\">\n\t\t\t\t\t<div class=\"elementor-column elementor-col-100 elementor-top-column elementor-element elementor-element-b942ae5\" data-id=\"b942ae5\" data-element_type=\"column\">\n\t\t\t<div class=\"elementor-widget-wrap elementor-element-populated\">\n\t\t\t\t\t\t\t\t<section class=\"elementor-section elementor-inner-section elementor-element elementor-element-3800a91 elementor-section-boxed elementor-section-height-default elementor-section-height-default\" data-id=\"3800a91\" data-element_type=\"section\" data-settings=\"{&quot;_ha_eqh_enable&quot;:false}\">\n\t\t\t\t\t\t<div class=\"elementor-container elementor-column-gap-default\">\n\t\t\t\t\t<div class=\"elementor-column elementor-col-100 elementor-inner-column elementor-element elementor-element-36b8e4d\" data-id=\"36b8e4d\" data-element_type=\"column\">\n\t\t\t<div class=\"elementor-widget-wrap elementor-element-populated\">\n\t\t\t\t\t\t\t\t<div class=\"elementor-element elementor-element-6b3d891 elementor-widget elementor-widget-text-editor\" data-id=\"6b3d891\" data-element_type=\"widget\" data-widget_type=\"text-editor.default\">\n\t\t\t\t<div class=\"elementor-widget-container\">\n\t\t\t<style>\/*! elementor - v3.6.1 - 23-03-2022 *\/\n.elementor-widget-text-editor.elementor-drop-cap-view-stacked .elementor-drop-cap{background-color:#818a91;color:#fff}.elementor-widget-text-editor.elementor-drop-cap-view-framed .elementor-drop-cap{color:#818a91;border:3px solid;background-color:transparent}.elementor-widget-text-editor:not(.elementor-drop-cap-view-default) .elementor-drop-cap{margin-top:8px}.elementor-widget-text-editor:not(.elementor-drop-cap-view-default) .elementor-drop-cap-letter{width:1em;height:1em}.elementor-widget-text-editor .elementor-drop-cap{float:left;text-align:center;line-height:1;font-size:50px}.elementor-widget-text-editor .elementor-drop-cap-letter{display:inline-block}<\/style>\t\t\t\t<p>Realiz\u00f3 sus estudios de pregrado en la Pontificia Universidad Javeriana en Bogot\u00e1, obteniendo el t\u00edtulo de M\u00e9dico y Cirujano. Posteriormente curs\u00f3 sus estudios de Especializaci\u00f3n en Cirug\u00eda Pl\u00e1stica, Reconstructiva, Est\u00e9tica y Quemados durante 5 a\u00f1os en Ciudad de la Plata, Argentina; en los Hospitales: HIGA (Hospital Interzonal General de Agudos General San Martin) y Hospital de Ni\u00f1os Sor Mar\u00eda Ludovica, siendo estos centros de referencia y remisi\u00f3n a nivel Provincial; obteniendo el t\u00edtulo del Ministerio de Salud de la Naci\u00f3n Argentina y de la Universidad Nacional de la Plata \u2013 Colegio M\u00e9dico de la Plata, Argentina.<\/p><p>Tambi\u00e9n realiz\u00f3 un constante entrenamiento extracurricular con los mejores Cirujanos Pl\u00e1sticos del Pa\u00eds. Particip\u00f3 de Cursos y Congresos Nacionales e Internacionales. Por su marcada vocaci\u00f3n de servicio, su mayor satisfacci\u00f3n es la constante formaci\u00f3n y tener a sus pacientes satisfechos.<\/p><p>Cambio\u00a019.80\u00a0cuenta con\u00a0un equipo de profesionales altamente calificados, con una misma metodolog\u00eda de trabajo y compartiendo una misma filosof\u00eda de atenci\u00f3n exquisita\u00a0con el\u00a0paciente.\u00a0Capaces de unir sus conocimientos m\u00e9dicos, con la experiencia y una gran capacidad art\u00edstica.Porque\u00a0un buen Cirujano Pl\u00e1stico debe ser un profesional\u00a0id\u00f3neo, t\u00e9cnicamente exquisito que une la precisi\u00f3n t\u00e9cnica con la visi\u00f3n art\u00edstica.<\/p><p>\u00a0<\/p>\t\t\t\t\t\t<\/div>\n\t\t\t\t<\/div>\n\t\t\t\t\t<\/div>\n\t\t<\/div>\n\t\t\t\t\t\t\t<\/div>\n\t\t<\/section>\n\t\t\t\t\t<\/div>\n\t\t<\/div>\n\t\t\t\t\t\t\t<\/div>\n\t\t<\/section>\n\t\t\t\t\t\t\t<\/div>\n\t\t","protected":false},"excerpt":{"rendered":"<p>Dr. Luis Alberto Guerra Araujo Realiz\u00f3 sus estudios de pregrado en la Pontificia Universidad Javeriana en Bogot\u00e1, obteniendo el t\u00edtulo de M\u00e9dico y Cirujano. Posteriormente curs\u00f3 sus estudios de Especializaci\u00f3n en Cirug\u00eda Pl\u00e1stica, Reconstructiva, Est\u00e9tica y Quemados durante 5 a\u00f1os en Ciudad de la Plata, Argentina; en los Hospitales: HIGA (Hospital Interzonal General de Agudos [&hellip;]<\/p>\n","protected":false},"author":1,"featured_media":0,"parent":0,"menu_order":0,"comment_status":"closed","ping_status":"closed","template":"elementor_header_footer","meta":{"_monsterinsights_skip_tracking":false,"_monsterinsights_sitenote_active":false,"_monsterinsights_sitenote_note":"","_monsterinsights_sitenote_category":0,"footnotes":""},"class_list":["post-2067","page","type-page","status-publish","hentry"],"_links":{"self":[{"href":"https:\/\/maxiloface.com.co\/index.php?rest_route=\/wp\/v2\/pages\/2067","targetHints":{"allow":["GET"]}}],"collection":[{"href":"https:\/\/maxiloface.com.co\/index.php?rest_route=\/wp\/v2\/pages"}],"about":[{"href":"https:\/\/maxiloface.com.co\/index.php?rest_route=\/wp\/v2\/types\/page"}],"author":[{"embeddable":true,"href":"https:\/\/maxiloface.com.co\/index.php?rest_route=\/wp\/v2\/users\/1"}],"replies":[{"embeddable":true,"href":"https:\/\/maxiloface.com.co\/index.php?rest_route=%2Fwp%2Fv2%2Fcomments&post=2067"}],"version-history":[{"count":12,"href":"https:\/\/maxiloface.com.co\/index.php?rest_route=\/wp\/v2\/pages\/2067\/revisions"}],"predecessor-version":[{"id":2080,"href":"https:\/\/maxiloface.com.co\/index.php?rest_route=\/wp\/v2\/pages\/2067\/revisions\/2080"}],"wp:attachment":[{"href":"https:\/\/maxiloface.com.co\/index.php?rest_route=%2Fwp%2Fv2%2Fmedia&parent=2067"}],"curies":[{"name":"wp","href":"https:\/\/api.w.org\/{rel}","templated":true}]}}