{"id":1834,"date":"2022-03-13T19:54:10","date_gmt":"2022-03-13T19:54:10","guid":{"rendered":"https:\/\/maxiloface.com.co\/?page_id=1834"},"modified":"2022-03-13T20:22:06","modified_gmt":"2022-03-13T20:22:06","slug":"blefaroplastia","status":"publish","type":"page","link":"https:\/\/maxiloface.com.co\/?page_id=1834","title":{"rendered":"Blefaroplastia"},"content":{"rendered":"\t\t<div data-elementor-type=\"wp-page\" data-elementor-id=\"1834\" class=\"elementor elementor-1834\">\n\t\t\t\t\t\t\t\t\t<section class=\"elementor-section elementor-top-section elementor-element elementor-element-1ea7256 elementor-section-height-min-height elementor-section-boxed elementor-section-height-default elementor-section-items-middle\" data-id=\"1ea7256\" data-element_type=\"section\" data-settings=\"{&quot;background_background&quot;:&quot;classic&quot;,&quot;_ha_eqh_enable&quot;:false}\">\n\t\t\t\t\t\t\t<div class=\"elementor-background-overlay\"><\/div>\n\t\t\t\t\t\t\t<div class=\"elementor-container elementor-column-gap-default\">\n\t\t\t\t\t<div class=\"elementor-column elementor-col-100 elementor-top-column elementor-element elementor-element-cbff71b\" data-id=\"cbff71b\" data-element_type=\"column\">\n\t\t\t<div class=\"elementor-widget-wrap elementor-element-populated\">\n\t\t\t\t\t\t\t\t<div class=\"elementor-element elementor-element-1492a78 elementor-widget elementor-widget-heading\" data-id=\"1492a78\" data-element_type=\"widget\" data-widget_type=\"heading.default\">\n\t\t\t\t<div class=\"elementor-widget-container\">\n\t\t\t<style>\/*! elementor - v3.6.1 - 23-03-2022 *\/\n.elementor-heading-title{padding:0;margin:0;line-height:1}.elementor-widget-heading .elementor-heading-title[class*=elementor-size-]>a{color:inherit;font-size:inherit;line-height:inherit}.elementor-widget-heading .elementor-heading-title.elementor-size-small{font-size:15px}.elementor-widget-heading .elementor-heading-title.elementor-size-medium{font-size:19px}.elementor-widget-heading .elementor-heading-title.elementor-size-large{font-size:29px}.elementor-widget-heading .elementor-heading-title.elementor-size-xl{font-size:39px}.elementor-widget-heading .elementor-heading-title.elementor-size-xxl{font-size:59px}<\/style><h2 class=\"elementor-heading-title elementor-size-default\">Blefaroplastia<\/h2>\t\t<\/div>\n\t\t\t\t<\/div>\n\t\t\t\t<div class=\"elementor-element elementor-element-e15b7e2 elementor-widget elementor-widget-text-editor\" data-id=\"e15b7e2\" data-element_type=\"widget\" data-widget_type=\"text-editor.default\">\n\t\t\t\t<div class=\"elementor-widget-container\">\n\t\t\t<style>\/*! elementor - v3.6.1 - 23-03-2022 *\/\n.elementor-widget-text-editor.elementor-drop-cap-view-stacked .elementor-drop-cap{background-color:#818a91;color:#fff}.elementor-widget-text-editor.elementor-drop-cap-view-framed .elementor-drop-cap{color:#818a91;border:3px solid;background-color:transparent}.elementor-widget-text-editor:not(.elementor-drop-cap-view-default) .elementor-drop-cap{margin-top:8px}.elementor-widget-text-editor:not(.elementor-drop-cap-view-default) .elementor-drop-cap-letter{width:1em;height:1em}.elementor-widget-text-editor .elementor-drop-cap{float:left;text-align:center;line-height:1;font-size:50px}.elementor-widget-text-editor .elementor-drop-cap-letter{display:inline-block}<\/style>\t\t\t\t<p><a href=\"http:\/\/cambio1980.com\/\">EN CONVENIO CON CAMBIO 19.80<\/a><\/p>\t\t\t\t\t\t<\/div>\n\t\t\t\t<\/div>\n\t\t\t\t\t<\/div>\n\t\t<\/div>\n\t\t\t\t\t\t\t<\/div>\n\t\t<\/section>\n\t\t\t\t<section class=\"elementor-section elementor-top-section elementor-element elementor-element-7e99e09 elementor-section-boxed elementor-section-height-default elementor-section-height-default\" data-id=\"7e99e09\" data-element_type=\"section\" data-settings=\"{&quot;_ha_eqh_enable&quot;:false}\">\n\t\t\t\t\t\t<div class=\"elementor-container elementor-column-gap-default\">\n\t\t\t\t\t<div class=\"elementor-column elementor-col-100 elementor-top-column elementor-element elementor-element-79d9221\" data-id=\"79d9221\" data-element_type=\"column\">\n\t\t\t<div class=\"elementor-widget-wrap elementor-element-populated\">\n\t\t\t\t\t\t\t\t<section class=\"elementor-section elementor-inner-section elementor-element elementor-element-b99e637 elementor-section-boxed elementor-section-height-default elementor-section-height-default\" data-id=\"b99e637\" data-element_type=\"section\" data-settings=\"{&quot;_ha_eqh_enable&quot;:false}\">\n\t\t\t\t\t\t<div class=\"elementor-container elementor-column-gap-default\">\n\t\t\t\t\t<div class=\"elementor-column elementor-col-50 elementor-inner-column elementor-element elementor-element-68f1da9\" data-id=\"68f1da9\" data-element_type=\"column\">\n\t\t\t<div class=\"elementor-widget-wrap elementor-element-populated\">\n\t\t\t\t\t\t\t\t<div class=\"elementor-element elementor-element-f20852e elementor-widget elementor-widget-image\" data-id=\"f20852e\" data-element_type=\"widget\" data-widget_type=\"image.default\">\n\t\t\t\t<div class=\"elementor-widget-container\">\n\t\t\t<style>\/*! elementor - v3.6.1 - 23-03-2022 *\/\n.elementor-widget-image{text-align:center}.elementor-widget-image a{display:inline-block}.elementor-widget-image a img[src$=\".svg\"]{width:48px}.elementor-widget-image img{vertical-align:middle;display:inline-block}<\/style>\t\t\t\t\t\t\t\t\t\t\t\t<img loading=\"lazy\" decoding=\"async\" width=\"800\" height=\"676\" src=\"https:\/\/maxiloface.com.co\/wp-content\/uploads\/2022\/03\/img-blefaroplastia-1980.jpg\" class=\"attachment-large size-large\" alt=\"\" srcset=\"https:\/\/maxiloface.com.co\/wp-content\/uploads\/2022\/03\/img-blefaroplastia-1980.jpg 1010w, https:\/\/maxiloface.com.co\/wp-content\/uploads\/2022\/03\/img-blefaroplastia-1980-300x253.jpg 300w, https:\/\/maxiloface.com.co\/wp-content\/uploads\/2022\/03\/img-blefaroplastia-1980-768x649.jpg 768w\" sizes=\"auto, (max-width: 800px) 100vw, 800px\" \/>\t\t\t\t\t\t\t\t\t\t\t\t\t\t\t<\/div>\n\t\t\t\t<\/div>\n\t\t\t\t\t<\/div>\n\t\t<\/div>\n\t\t\t\t<div class=\"elementor-column elementor-col-50 elementor-inner-column elementor-element elementor-element-e61bfc4\" data-id=\"e61bfc4\" data-element_type=\"column\">\n\t\t\t<div class=\"elementor-widget-wrap elementor-element-populated\">\n\t\t\t\t\t\t\t\t<div class=\"elementor-element elementor-element-bb28d99 elementor-widget elementor-widget-heading\" data-id=\"bb28d99\" data-element_type=\"widget\" data-widget_type=\"heading.default\">\n\t\t\t\t<div class=\"elementor-widget-container\">\n\t\t\t<h2 class=\"elementor-heading-title elementor-size-default\">\u00bfEn qu\u00e9 consiste?<\/h2>\t\t<\/div>\n\t\t\t\t<\/div>\n\t\t\t\t<div class=\"elementor-element elementor-element-036482b elementor-widget elementor-widget-text-editor\" data-id=\"036482b\" data-element_type=\"widget\" data-widget_type=\"text-editor.default\">\n\t\t\t\t<div class=\"elementor-widget-container\">\n\t\t\t\t\t\t\tLa Blefroplastia 19.80, es un procedimiento quir\u00fargico que tiene como objetivo mejorar la apariencia est\u00e9tica de los p\u00e1rpados superiores e inferiores. Esta t\u00e9cnica permite solucionar diversos problemas, tanto los de car\u00e1cter hereditario como los originados por proceso natural de envejecimiento y la exposici\u00f3n al sol: se pueden corregir las arrugas, la ca\u00edda de los p\u00e1rpados superiores y las bolsas que se forman en los inferiores. Cualquiera de estos problemas puede hacer que el paciente aparezca avejentado y cansado.\t\t\t\t\t\t<\/div>\n\t\t\t\t<\/div>\n\t\t\t\t<div class=\"elementor-element elementor-element-c31c1dc elementor-widget elementor-widget-text-editor\" data-id=\"c31c1dc\" data-element_type=\"widget\" data-widget_type=\"text-editor.default\">\n\t\t\t\t<div class=\"elementor-widget-container\">\n\t\t\t\t\t\t\tLa pl\u00e1stica de p\u00e1rpados 19.80 mejora esto, dejando una apariencia m\u00e1s juvenil y descansada, tambi\u00e9n puede ser hecha en conjunto con un lifting.\t\t\t\t\t\t<\/div>\n\t\t\t\t<\/div>\n\t\t\t\t<div class=\"elementor-element elementor-element-0197e1c elementor-widget elementor-widget-heading\" data-id=\"0197e1c\" data-element_type=\"widget\" data-widget_type=\"heading.default\">\n\t\t\t\t<div class=\"elementor-widget-container\">\n\t\t\t<h2 class=\"elementor-heading-title elementor-size-default\">Duraci\u00f3n<\/h2>\t\t<\/div>\n\t\t\t\t<\/div>\n\t\t\t\t<div class=\"elementor-element elementor-element-da5303b elementor-widget elementor-widget-text-editor\" data-id=\"da5303b\" data-element_type=\"widget\" data-widget_type=\"text-editor.default\">\n\t\t\t\t<div class=\"elementor-widget-container\">\n\t\t\t\t\t\t\t<p>La intervenci\u00f3n generalmente dura entre una y tres horas. Cuando se operan los cuatro p\u00e1rpados, se suele comenzar por los de arriba. Lo habitual es que las incisiones se ubiquen en los pliegues de su p\u00e1rpado superior y justo bajo las pesta\u00f1as inferiores. Si es necesario se extienden hacia las l\u00edneas que se forman en el lado exterior de los ojos. El segundo paso es separar la piel del tejido graso y muscular.<\/p><p>Luego se extirpa el exceso de grasa, piel y, en algunos casos, m\u00fasculo. Para terminar se sutura con hilos muy finos y delicados. Las cicatrices se disimulan en los pliegues naturales de los ojos. En pacientes j\u00f3venes cuyo problema es s\u00f3lo el exceso de grasa se puede realizar una blefaroplastia transconjuntival, que se desarrolla a trav\u00e9s de una incisi\u00f3n dentro del p\u00e1rpado inferior y no deja cicatriz visible.<\/p><p>Esta cirug\u00eda se realiza con anestesia local y sedaci\u00f3n, no requiere hospitalizaci\u00f3n y se indica al paciente reposo en cama 24 horas, utilizando hielo y compresas con t\u00e9 de manzanilla.<\/p>\t\t\t\t\t\t<\/div>\n\t\t\t\t<\/div>\n\t\t\t\t\t<\/div>\n\t\t<\/div>\n\t\t\t\t\t\t\t<\/div>\n\t\t<\/section>\n\t\t\t\t<section class=\"elementor-section elementor-inner-section elementor-element elementor-element-8227403 elementor-section-boxed elementor-section-height-default elementor-section-height-default\" data-id=\"8227403\" data-element_type=\"section\" data-settings=\"{&quot;_ha_eqh_enable&quot;:false}\">\n\t\t\t\t\t\t<div class=\"elementor-container elementor-column-gap-default\">\n\t\t\t\t\t<div class=\"elementor-column elementor-col-100 elementor-inner-column elementor-element elementor-element-c12bd2c\" data-id=\"c12bd2c\" data-element_type=\"column\">\n\t\t\t<div class=\"elementor-widget-wrap elementor-element-populated\">\n\t\t\t\t\t\t\t\t<div class=\"elementor-element elementor-element-a30908f elementor-widget elementor-widget-heading\" data-id=\"a30908f\" data-element_type=\"widget\" data-widget_type=\"heading.default\">\n\t\t\t\t<div class=\"elementor-widget-container\">\n\t\t\t<h2 class=\"elementor-heading-title elementor-size-default\">Recuperaci\u00f3n y recomendaciones<br><\/h2>\t\t<\/div>\n\t\t\t\t<\/div>\n\t\t\t\t<div class=\"elementor-element elementor-element-c620417 elementor-widget elementor-widget-text-editor\" data-id=\"c620417\" data-element_type=\"widget\" data-widget_type=\"text-editor.default\">\n\t\t\t\t<div class=\"elementor-widget-container\">\n\t\t\t\t\t\t\t<p>El vendaje se retira luego de 7 d\u00edas y se aconseja utilizar una venda para dormir durante 10 d\u00edas m\u00e1s.<\/p><p>Si utiliza lentes de contacto deber\u00e1 esperar un m\u00ednimo de dos semanas para volver a usarlas, y es probable que por un tiempo le generen cierta incomodidad. Para reincorporarse a sus tareas habituales debe esperar entre una semana y diez d\u00edas, evitando los esfuerzos \u2013particularmente las actividades que aumentan la presi\u00f3n sangu\u00ednea\u2013 durante tres semanas, por lo menos. Durante un tiempo, para salir al exterior, puede ser necesario utilizar anteojos oscuros y filtro solar sobre los p\u00e1rpados, para protegerse del viento, el polvo y la luz. Las cicatrices desaparecen de manera gradual en un per\u00edodo de varios meses. El \u00e9xito de la intervenci\u00f3n depender\u00e1 de que usted siga de manera estricta las indicaciones de su cirujano pl\u00e1stico.<\/p><p>Si hay molestias y dolor en los ojos, se alivian con medicaci\u00f3n. Si el dolor es fuerte, comun\u00edqueselo a su cirujano de inmediato. Por unos d\u00edas deber\u00e1 permanecer con la cabeza elevada. Para reducir la inflamaci\u00f3n y los hematomas deber\u00e1 aplicarse compresas fr\u00edas. Se le dar\u00e1n indicaciones precisas en cuanto a la higiene de sus ojos. La inflamaci\u00f3n y los hematomas desaparecen de manera gradual.<\/p><p>Las complicaciones son infrecuentes, sin embargo, ning\u00fan procedimiento m\u00e9dico est\u00e1 exento de riesgos y complicaciones. Su cirujano lo informar\u00e1 respecto del tema.<\/p>\t\t\t\t\t\t<\/div>\n\t\t\t\t<\/div>\n\t\t\t\t<div class=\"elementor-element elementor-element-23786af elementor-widget elementor-widget-global elementor-global-1619 elementor-widget-button\" data-id=\"23786af\" data-element_type=\"widget\" data-widget_type=\"button.default\">\n\t\t\t\t<div class=\"elementor-widget-container\">\n\t\t\t\t\t<div class=\"elementor-button-wrapper\">\n\t\t\t<a href=\"https:\/\/maxiloface.com.co\/?page_id=75\" class=\"elementor-button-link elementor-button elementor-size-md\" role=\"button\">\n\t\t\t\t\t\t<span class=\"elementor-button-content-wrapper\">\n\t\t\t\t\t\t\t<span class=\"elementor-button-icon elementor-align-icon-right\">\n\t\t\t\t<i aria-hidden=\"true\" class=\"far fa-calendar-check\"><\/i>\t\t\t<\/span>\n\t\t\t\t\t\t<span class=\"elementor-button-text\">Agenda tu cita<\/span>\n\t\t<\/span>\n\t\t\t\t\t<\/a>\n\t\t<\/div>\n\t\t\t\t<\/div>\n\t\t\t\t<\/div>\n\t\t\t\t\t<\/div>\n\t\t<\/div>\n\t\t\t\t\t\t\t<\/div>\n\t\t<\/section>\n\t\t\t\t\t<\/div>\n\t\t<\/div>\n\t\t\t\t\t\t\t<\/div>\n\t\t<\/section>\n\t\t\t\t\t\t\t<\/div>\n\t\t","protected":false},"excerpt":{"rendered":"<p>Blefaroplastia EN CONVENIO CON CAMBIO 19.80 \u00bfEn qu\u00e9 consiste? La Blefroplastia 19.80, es un procedimiento quir\u00fargico que tiene como objetivo mejorar la apariencia est\u00e9tica de los p\u00e1rpados superiores e inferiores. Esta t\u00e9cnica permite solucionar diversos problemas, tanto los de car\u00e1cter hereditario como los originados por proceso natural de envejecimiento y la exposici\u00f3n al sol: se [&hellip;]<\/p>\n","protected":false},"author":1,"featured_media":0,"parent":0,"menu_order":0,"comment_status":"closed","ping_status":"closed","template":"elementor_header_footer","meta":{"_monsterinsights_skip_tracking":false,"_monsterinsights_sitenote_active":false,"_monsterinsights_sitenote_note":"","_monsterinsights_sitenote_category":0,"footnotes":""},"class_list":["post-1834","page","type-page","status-publish","hentry"],"_links":{"self":[{"href":"https:\/\/maxiloface.com.co\/index.php?rest_route=\/wp\/v2\/pages\/1834","targetHints":{"allow":["GET"]}}],"collection":[{"href":"https:\/\/maxiloface.com.co\/index.php?rest_route=\/wp\/v2\/pages"}],"about":[{"href":"https:\/\/maxiloface.com.co\/index.php?rest_route=\/wp\/v2\/types\/page"}],"author":[{"embeddable":true,"href":"https:\/\/maxiloface.com.co\/index.php?rest_route=\/wp\/v2\/users\/1"}],"replies":[{"embeddable":true,"href":"https:\/\/maxiloface.com.co\/index.php?rest_route=%2Fwp%2Fv2%2Fcomments&post=1834"}],"version-history":[{"count":19,"href":"https:\/\/maxiloface.com.co\/index.php?rest_route=\/wp\/v2\/pages\/1834\/revisions"}],"predecessor-version":[{"id":1867,"href":"https:\/\/maxiloface.com.co\/index.php?rest_route=\/wp\/v2\/pages\/1834\/revisions\/1867"}],"wp:attachment":[{"href":"https:\/\/maxiloface.com.co\/index.php?rest_route=%2Fwp%2Fv2%2Fmedia&parent=1834"}],"curies":[{"name":"wp","href":"https:\/\/api.w.org\/{rel}","templated":true}]}}