{"id":1800,"date":"2022-03-13T19:23:54","date_gmt":"2022-03-13T19:23:54","guid":{"rendered":"https:\/\/maxiloface.com.co\/?page_id=1800"},"modified":"2022-03-13T19:52:20","modified_gmt":"2022-03-13T19:52:20","slug":"otoplastia","status":"publish","type":"page","link":"https:\/\/maxiloface.com.co\/?page_id=1800","title":{"rendered":"Otoplastia"},"content":{"rendered":"\t\t<div data-elementor-type=\"wp-page\" data-elementor-id=\"1800\" class=\"elementor elementor-1800\">\n\t\t\t\t\t\t\t\t\t<section class=\"elementor-section elementor-top-section elementor-element elementor-element-1ea7256 elementor-section-height-min-height elementor-section-boxed elementor-section-height-default elementor-section-items-middle\" data-id=\"1ea7256\" data-element_type=\"section\" data-settings=\"{&quot;background_background&quot;:&quot;classic&quot;,&quot;_ha_eqh_enable&quot;:false}\">\n\t\t\t\t\t\t\t<div class=\"elementor-background-overlay\"><\/div>\n\t\t\t\t\t\t\t<div class=\"elementor-container elementor-column-gap-default\">\n\t\t\t\t\t<div class=\"elementor-column elementor-col-100 elementor-top-column elementor-element elementor-element-cbff71b\" data-id=\"cbff71b\" data-element_type=\"column\">\n\t\t\t<div class=\"elementor-widget-wrap elementor-element-populated\">\n\t\t\t\t\t\t\t\t<div class=\"elementor-element elementor-element-1492a78 elementor-widget elementor-widget-heading\" data-id=\"1492a78\" data-element_type=\"widget\" data-widget_type=\"heading.default\">\n\t\t\t\t<div class=\"elementor-widget-container\">\n\t\t\t<style>\/*! elementor - v3.6.1 - 23-03-2022 *\/\n.elementor-heading-title{padding:0;margin:0;line-height:1}.elementor-widget-heading .elementor-heading-title[class*=elementor-size-]>a{color:inherit;font-size:inherit;line-height:inherit}.elementor-widget-heading .elementor-heading-title.elementor-size-small{font-size:15px}.elementor-widget-heading .elementor-heading-title.elementor-size-medium{font-size:19px}.elementor-widget-heading .elementor-heading-title.elementor-size-large{font-size:29px}.elementor-widget-heading .elementor-heading-title.elementor-size-xl{font-size:39px}.elementor-widget-heading .elementor-heading-title.elementor-size-xxl{font-size:59px}<\/style><h2 class=\"elementor-heading-title elementor-size-default\">Otoplastia<\/h2>\t\t<\/div>\n\t\t\t\t<\/div>\n\t\t\t\t<div class=\"elementor-element elementor-element-e15b7e2 elementor-widget elementor-widget-text-editor\" data-id=\"e15b7e2\" data-element_type=\"widget\" data-widget_type=\"text-editor.default\">\n\t\t\t\t<div class=\"elementor-widget-container\">\n\t\t\t<style>\/*! elementor - v3.6.1 - 23-03-2022 *\/\n.elementor-widget-text-editor.elementor-drop-cap-view-stacked .elementor-drop-cap{background-color:#818a91;color:#fff}.elementor-widget-text-editor.elementor-drop-cap-view-framed .elementor-drop-cap{color:#818a91;border:3px solid;background-color:transparent}.elementor-widget-text-editor:not(.elementor-drop-cap-view-default) .elementor-drop-cap{margin-top:8px}.elementor-widget-text-editor:not(.elementor-drop-cap-view-default) .elementor-drop-cap-letter{width:1em;height:1em}.elementor-widget-text-editor .elementor-drop-cap{float:left;text-align:center;line-height:1;font-size:50px}.elementor-widget-text-editor .elementor-drop-cap-letter{display:inline-block}<\/style>\t\t\t\t<p><a href=\"http:\/\/cambio1980.com\/\">EN CONVENIO CON CAMBIO 19.80<\/a><\/p>\t\t\t\t\t\t<\/div>\n\t\t\t\t<\/div>\n\t\t\t\t\t<\/div>\n\t\t<\/div>\n\t\t\t\t\t\t\t<\/div>\n\t\t<\/section>\n\t\t\t\t<section class=\"elementor-section elementor-top-section elementor-element elementor-element-7e99e09 elementor-section-boxed elementor-section-height-default elementor-section-height-default\" data-id=\"7e99e09\" data-element_type=\"section\" data-settings=\"{&quot;_ha_eqh_enable&quot;:false}\">\n\t\t\t\t\t\t<div class=\"elementor-container elementor-column-gap-default\">\n\t\t\t\t\t<div class=\"elementor-column elementor-col-100 elementor-top-column elementor-element elementor-element-79d9221\" data-id=\"79d9221\" data-element_type=\"column\">\n\t\t\t<div class=\"elementor-widget-wrap elementor-element-populated\">\n\t\t\t\t\t\t\t\t<section class=\"elementor-section elementor-inner-section elementor-element elementor-element-b99e637 elementor-section-boxed elementor-section-height-default elementor-section-height-default\" data-id=\"b99e637\" data-element_type=\"section\" data-settings=\"{&quot;_ha_eqh_enable&quot;:false}\">\n\t\t\t\t\t\t<div class=\"elementor-container elementor-column-gap-default\">\n\t\t\t\t\t<div class=\"elementor-column elementor-col-50 elementor-inner-column elementor-element elementor-element-68f1da9\" data-id=\"68f1da9\" data-element_type=\"column\">\n\t\t\t<div class=\"elementor-widget-wrap elementor-element-populated\">\n\t\t\t\t\t\t\t\t<div class=\"elementor-element elementor-element-f20852e elementor-widget elementor-widget-image\" data-id=\"f20852e\" data-element_type=\"widget\" data-widget_type=\"image.default\">\n\t\t\t\t<div class=\"elementor-widget-container\">\n\t\t\t<style>\/*! elementor - v3.6.1 - 23-03-2022 *\/\n.elementor-widget-image{text-align:center}.elementor-widget-image a{display:inline-block}.elementor-widget-image a img[src$=\".svg\"]{width:48px}.elementor-widget-image img{vertical-align:middle;display:inline-block}<\/style>\t\t\t\t\t\t\t\t\t\t\t\t<img loading=\"lazy\" decoding=\"async\" width=\"800\" height=\"676\" src=\"https:\/\/maxiloface.com.co\/wp-content\/uploads\/2022\/03\/img-otoplastia-1980.jpg\" class=\"attachment-large size-large\" alt=\"\" srcset=\"https:\/\/maxiloface.com.co\/wp-content\/uploads\/2022\/03\/img-otoplastia-1980.jpg 1010w, https:\/\/maxiloface.com.co\/wp-content\/uploads\/2022\/03\/img-otoplastia-1980-300x253.jpg 300w, https:\/\/maxiloface.com.co\/wp-content\/uploads\/2022\/03\/img-otoplastia-1980-768x649.jpg 768w\" sizes=\"auto, (max-width: 800px) 100vw, 800px\" \/>\t\t\t\t\t\t\t\t\t\t\t\t\t\t\t<\/div>\n\t\t\t\t<\/div>\n\t\t\t\t\t<\/div>\n\t\t<\/div>\n\t\t\t\t<div class=\"elementor-column elementor-col-50 elementor-inner-column elementor-element elementor-element-e61bfc4\" data-id=\"e61bfc4\" data-element_type=\"column\">\n\t\t\t<div class=\"elementor-widget-wrap elementor-element-populated\">\n\t\t\t\t\t\t\t\t<div class=\"elementor-element elementor-element-bb28d99 elementor-widget elementor-widget-heading\" data-id=\"bb28d99\" data-element_type=\"widget\" data-widget_type=\"heading.default\">\n\t\t\t\t<div class=\"elementor-widget-container\">\n\t\t\t<h2 class=\"elementor-heading-title elementor-size-default\">\u00bfEn qu\u00e9 consiste?<\/h2>\t\t<\/div>\n\t\t\t\t<\/div>\n\t\t\t\t<div class=\"elementor-element elementor-element-036482b elementor-widget elementor-widget-text-editor\" data-id=\"036482b\" data-element_type=\"widget\" data-widget_type=\"text-editor.default\">\n\t\t\t\t<div class=\"elementor-widget-container\">\n\t\t\t\t\t\t\t<p>Las alteraciones en la forma o el tama\u00f1o de las orejas pueden crear una sensaci\u00f3n de gran incomodidad al paciente, que incluso optar\u00e1 por esconderlas debajo del cabello.<\/p><p>La otoplastia es una operaci\u00f3n de cirug\u00eda est\u00e9tica con la que se consigue corregir las orejas grandes, prominentes o de soplillo.<\/p>\t\t\t\t\t\t<\/div>\n\t\t\t\t<\/div>\n\t\t\t\t<div class=\"elementor-element elementor-element-c31c1dc elementor-widget elementor-widget-text-editor\" data-id=\"c31c1dc\" data-element_type=\"widget\" data-widget_type=\"text-editor.default\">\n\t\t\t\t<div class=\"elementor-widget-container\">\n\t\t\t\t\t\t\t<p>Nadie tiene las dos orejas exactamente iguales: En muchas ocasiones las orejas pueden estar situadas a diferentes alturas (una oreja un poco m\u00e1s alta que la otra) o una oreja puede ser ligeramente m\u00e1s grande o m\u00e1s peque\u00f1a que la otra. Estas peque\u00f1as diferencias entre un lado y el otro, que son totalmente normales y que nadie (excepto el paciente) aprecia a simple vista, no suelen corregirse con una Otoplastia.<\/p><p>Es usual realizarla durante la ni\u00f1ez para reducir el n\u00famero de a\u00f1os en que el ni\u00f1o queda expuesto a la burla de sus compa\u00f1eros.<\/p>\t\t\t\t\t\t<\/div>\n\t\t\t\t<\/div>\n\t\t\t\t<div class=\"elementor-element elementor-element-0197e1c elementor-widget elementor-widget-heading\" data-id=\"0197e1c\" data-element_type=\"widget\" data-widget_type=\"heading.default\">\n\t\t\t\t<div class=\"elementor-widget-container\">\n\t\t\t<h2 class=\"elementor-heading-title elementor-size-default\">Duraci\u00f3n<\/h2>\t\t<\/div>\n\t\t\t\t<\/div>\n\t\t\t\t<div class=\"elementor-element elementor-element-da5303b elementor-widget elementor-widget-text-editor\" data-id=\"da5303b\" data-element_type=\"widget\" data-widget_type=\"text-editor.default\">\n\t\t\t\t<div class=\"elementor-widget-container\">\n\t\t\t\t\t\t\t<p>Se realiza una incisi\u00f3n detr\u00e1s de la oreja, y luego se puede retirar una porci\u00f3n de cart\u00edlago o modelarlo para luego reubicar la oreja y suturar.<\/p><p>La cicatriz final es habitualmente poco detectable. Esta cirug\u00eda dura alrededor de 1 hora y se realiza con anestesia local y sedaci\u00f3n endovenosa.<\/p><p>Cuando las dos orejas se encuentran alteradas es necesario efectuar una Otoplastia BILATERAL. En ocasiones solamente una de las orejas es la que presenta alteraciones, mientras que la otra es totalmente normal, en estos casos se efect\u00faa una Otoplastia UNILATERAL.<\/p>\t\t\t\t\t\t<\/div>\n\t\t\t\t<\/div>\n\t\t\t\t\t<\/div>\n\t\t<\/div>\n\t\t\t\t\t\t\t<\/div>\n\t\t<\/section>\n\t\t\t\t<section class=\"elementor-section elementor-inner-section elementor-element elementor-element-8227403 elementor-section-boxed elementor-section-height-default elementor-section-height-default\" data-id=\"8227403\" data-element_type=\"section\" data-settings=\"{&quot;_ha_eqh_enable&quot;:false}\">\n\t\t\t\t\t\t<div class=\"elementor-container elementor-column-gap-default\">\n\t\t\t\t\t<div class=\"elementor-column elementor-col-100 elementor-inner-column elementor-element elementor-element-c12bd2c\" data-id=\"c12bd2c\" data-element_type=\"column\">\n\t\t\t<div class=\"elementor-widget-wrap elementor-element-populated\">\n\t\t\t\t\t\t\t\t<div class=\"elementor-element elementor-element-a30908f elementor-widget elementor-widget-heading\" data-id=\"a30908f\" data-element_type=\"widget\" data-widget_type=\"heading.default\">\n\t\t\t\t<div class=\"elementor-widget-container\">\n\t\t\t<h2 class=\"elementor-heading-title elementor-size-default\">Recuperaci\u00f3n y recomendaciones<br><\/h2>\t\t<\/div>\n\t\t\t\t<\/div>\n\t\t\t\t<div class=\"elementor-element elementor-element-c620417 elementor-widget elementor-widget-text-editor\" data-id=\"c620417\" data-element_type=\"widget\" data-widget_type=\"text-editor.default\">\n\t\t\t\t<div class=\"elementor-widget-container\">\n\t\t\t\t\t\t\t<p>El vendaje se retira luego de 7 d\u00edas y se aconseja utilizar una venda para dormir durante 10 d\u00edas m\u00e1s.<\/p><p>Si bien los puntos se retiran a los 10 d\u00edas, el paciente puede retornar a su actividad luego de 2 o 3 d\u00edas.<\/p><p>La otoplastia es generalmente indolora. Despu\u00e9s de la operaci\u00f3n se recetan antibi\u00f3ticos profil\u00e1cticos (solamente 3 d\u00edas) y analg\u00e9sicos suaves (Dolex) para mitigar las molestias que pueden aparecer en los primeros dos d\u00edas.<br \/>Despu\u00e9s de una Otoplastia las orejas se inflaman ligeramente y pueden aparecer peque\u00f1os hematomas. Con el paso de los d\u00edas la hinchaz\u00f3n va remitiendo gradual y progresivamente y pasada una semana las orejas presentan un aspecto casi normal y suelen pasar totalmente desapercibidas para los dem\u00e1s. La naturalidad de los resultados conseguidos contribuye a ello.<\/p>\t\t\t\t\t\t<\/div>\n\t\t\t\t<\/div>\n\t\t\t\t<div class=\"elementor-element elementor-element-23786af elementor-widget elementor-widget-global elementor-global-1619 elementor-widget-button\" data-id=\"23786af\" data-element_type=\"widget\" data-widget_type=\"button.default\">\n\t\t\t\t<div class=\"elementor-widget-container\">\n\t\t\t\t\t<div class=\"elementor-button-wrapper\">\n\t\t\t<a href=\"https:\/\/maxiloface.com.co\/?page_id=75\" class=\"elementor-button-link elementor-button elementor-size-md\" role=\"button\">\n\t\t\t\t\t\t<span class=\"elementor-button-content-wrapper\">\n\t\t\t\t\t\t\t<span class=\"elementor-button-icon elementor-align-icon-right\">\n\t\t\t\t<i aria-hidden=\"true\" class=\"far fa-calendar-check\"><\/i>\t\t\t<\/span>\n\t\t\t\t\t\t<span class=\"elementor-button-text\">Agenda tu cita<\/span>\n\t\t<\/span>\n\t\t\t\t\t<\/a>\n\t\t<\/div>\n\t\t\t\t<\/div>\n\t\t\t\t<\/div>\n\t\t\t\t\t<\/div>\n\t\t<\/div>\n\t\t\t\t\t\t\t<\/div>\n\t\t<\/section>\n\t\t\t\t\t<\/div>\n\t\t<\/div>\n\t\t\t\t\t\t\t<\/div>\n\t\t<\/section>\n\t\t\t\t\t\t\t<\/div>\n\t\t","protected":false},"excerpt":{"rendered":"<p>Otoplastia EN CONVENIO CON CAMBIO 19.80 \u00bfEn qu\u00e9 consiste? Las alteraciones en la forma o el tama\u00f1o de las orejas pueden crear una sensaci\u00f3n de gran incomodidad al paciente, que incluso optar\u00e1 por esconderlas debajo del cabello. La otoplastia es una operaci\u00f3n de cirug\u00eda est\u00e9tica con la que se consigue corregir las orejas grandes, prominentes [&hellip;]<\/p>\n","protected":false},"author":1,"featured_media":0,"parent":0,"menu_order":0,"comment_status":"closed","ping_status":"closed","template":"elementor_header_footer","meta":{"_monsterinsights_skip_tracking":false,"_monsterinsights_sitenote_active":false,"_monsterinsights_sitenote_note":"","_monsterinsights_sitenote_category":0,"footnotes":""},"class_list":["post-1800","page","type-page","status-publish","hentry"],"_links":{"self":[{"href":"https:\/\/maxiloface.com.co\/index.php?rest_route=\/wp\/v2\/pages\/1800","targetHints":{"allow":["GET"]}}],"collection":[{"href":"https:\/\/maxiloface.com.co\/index.php?rest_route=\/wp\/v2\/pages"}],"about":[{"href":"https:\/\/maxiloface.com.co\/index.php?rest_route=\/wp\/v2\/types\/page"}],"author":[{"embeddable":true,"href":"https:\/\/maxiloface.com.co\/index.php?rest_route=\/wp\/v2\/users\/1"}],"replies":[{"embeddable":true,"href":"https:\/\/maxiloface.com.co\/index.php?rest_route=%2Fwp%2Fv2%2Fcomments&post=1800"}],"version-history":[{"count":23,"href":"https:\/\/maxiloface.com.co\/index.php?rest_route=\/wp\/v2\/pages\/1800\/revisions"}],"predecessor-version":[{"id":1833,"href":"https:\/\/maxiloface.com.co\/index.php?rest_route=\/wp\/v2\/pages\/1800\/revisions\/1833"}],"wp:attachment":[{"href":"https:\/\/maxiloface.com.co\/index.php?rest_route=%2Fwp%2Fv2%2Fmedia&parent=1800"}],"curies":[{"name":"wp","href":"https:\/\/api.w.org\/{rel}","templated":true}]}}