{"id":1777,"date":"2022-03-13T18:37:50","date_gmt":"2022-03-13T18:37:50","guid":{"rendered":"https:\/\/maxiloface.com.co\/?page_id=1777"},"modified":"2022-03-13T18:57:46","modified_gmt":"2022-03-13T18:57:46","slug":"rinoplastia","status":"publish","type":"page","link":"https:\/\/maxiloface.com.co\/?page_id=1777","title":{"rendered":"Rinoplastia"},"content":{"rendered":"\t\t<div data-elementor-type=\"wp-page\" data-elementor-id=\"1777\" class=\"elementor elementor-1777\">\n\t\t\t\t\t\t\t\t\t<section class=\"elementor-section elementor-top-section elementor-element elementor-element-1ea7256 elementor-section-height-min-height elementor-section-boxed elementor-section-height-default elementor-section-items-middle\" data-id=\"1ea7256\" data-element_type=\"section\" data-settings=\"{&quot;background_background&quot;:&quot;classic&quot;,&quot;_ha_eqh_enable&quot;:false}\">\n\t\t\t\t\t\t\t<div class=\"elementor-background-overlay\"><\/div>\n\t\t\t\t\t\t\t<div class=\"elementor-container elementor-column-gap-default\">\n\t\t\t\t\t<div class=\"elementor-column elementor-col-100 elementor-top-column elementor-element elementor-element-cbff71b\" data-id=\"cbff71b\" data-element_type=\"column\">\n\t\t\t<div class=\"elementor-widget-wrap elementor-element-populated\">\n\t\t\t\t\t\t\t\t<div class=\"elementor-element elementor-element-1492a78 elementor-widget elementor-widget-heading\" data-id=\"1492a78\" data-element_type=\"widget\" data-widget_type=\"heading.default\">\n\t\t\t\t<div class=\"elementor-widget-container\">\n\t\t\t<style>\/*! elementor - v3.6.1 - 23-03-2022 *\/\n.elementor-heading-title{padding:0;margin:0;line-height:1}.elementor-widget-heading .elementor-heading-title[class*=elementor-size-]>a{color:inherit;font-size:inherit;line-height:inherit}.elementor-widget-heading .elementor-heading-title.elementor-size-small{font-size:15px}.elementor-widget-heading .elementor-heading-title.elementor-size-medium{font-size:19px}.elementor-widget-heading .elementor-heading-title.elementor-size-large{font-size:29px}.elementor-widget-heading .elementor-heading-title.elementor-size-xl{font-size:39px}.elementor-widget-heading .elementor-heading-title.elementor-size-xxl{font-size:59px}<\/style><h2 class=\"elementor-heading-title elementor-size-default\">Rinoplastia<\/h2>\t\t<\/div>\n\t\t\t\t<\/div>\n\t\t\t\t<div class=\"elementor-element elementor-element-1ffe24a elementor-widget elementor-widget-global elementor-global-1793 elementor-widget-text-editor\" data-id=\"1ffe24a\" data-element_type=\"widget\" data-widget_type=\"text-editor.default\">\n\t\t\t\t<div class=\"elementor-widget-container\">\n\t\t\t<style>\/*! elementor - v3.6.1 - 23-03-2022 *\/\n.elementor-widget-text-editor.elementor-drop-cap-view-stacked .elementor-drop-cap{background-color:#818a91;color:#fff}.elementor-widget-text-editor.elementor-drop-cap-view-framed .elementor-drop-cap{color:#818a91;border:3px solid;background-color:transparent}.elementor-widget-text-editor:not(.elementor-drop-cap-view-default) .elementor-drop-cap{margin-top:8px}.elementor-widget-text-editor:not(.elementor-drop-cap-view-default) .elementor-drop-cap-letter{width:1em;height:1em}.elementor-widget-text-editor .elementor-drop-cap{float:left;text-align:center;line-height:1;font-size:50px}.elementor-widget-text-editor .elementor-drop-cap-letter{display:inline-block}<\/style>\t\t\t\t<p><a href=\"http:\/\/cambio1980.com\/\">EN CONVENIO CON CAMBIO 19.80<\/a><\/p>\t\t\t\t\t\t<\/div>\n\t\t\t\t<\/div>\n\t\t\t\t\t<\/div>\n\t\t<\/div>\n\t\t\t\t\t\t\t<\/div>\n\t\t<\/section>\n\t\t\t\t<section class=\"elementor-section elementor-top-section elementor-element elementor-element-7e99e09 elementor-section-boxed elementor-section-height-default elementor-section-height-default\" data-id=\"7e99e09\" data-element_type=\"section\" data-settings=\"{&quot;_ha_eqh_enable&quot;:false}\">\n\t\t\t\t\t\t<div class=\"elementor-container elementor-column-gap-default\">\n\t\t\t\t\t<div class=\"elementor-column elementor-col-100 elementor-top-column elementor-element elementor-element-79d9221\" data-id=\"79d9221\" data-element_type=\"column\">\n\t\t\t<div class=\"elementor-widget-wrap elementor-element-populated\">\n\t\t\t\t\t\t\t\t<section class=\"elementor-section elementor-inner-section elementor-element elementor-element-b99e637 elementor-section-boxed elementor-section-height-default elementor-section-height-default\" data-id=\"b99e637\" data-element_type=\"section\" data-settings=\"{&quot;_ha_eqh_enable&quot;:false}\">\n\t\t\t\t\t\t<div class=\"elementor-container elementor-column-gap-default\">\n\t\t\t\t\t<div class=\"elementor-column elementor-col-50 elementor-inner-column elementor-element elementor-element-68f1da9\" data-id=\"68f1da9\" data-element_type=\"column\">\n\t\t\t<div class=\"elementor-widget-wrap elementor-element-populated\">\n\t\t\t\t\t\t\t\t<div class=\"elementor-element elementor-element-f20852e elementor-widget elementor-widget-image\" data-id=\"f20852e\" data-element_type=\"widget\" data-widget_type=\"image.default\">\n\t\t\t\t<div class=\"elementor-widget-container\">\n\t\t\t<style>\/*! elementor - v3.6.1 - 23-03-2022 *\/\n.elementor-widget-image{text-align:center}.elementor-widget-image a{display:inline-block}.elementor-widget-image a img[src$=\".svg\"]{width:48px}.elementor-widget-image img{vertical-align:middle;display:inline-block}<\/style>\t\t\t\t\t\t\t\t\t\t\t\t<img loading=\"lazy\" decoding=\"async\" width=\"764\" height=\"1024\" src=\"https:\/\/maxiloface.com.co\/wp-content\/uploads\/2022\/03\/img-rinoplastia-1980-1-764x1024.jpg\" class=\"attachment-large size-large\" alt=\"\" srcset=\"https:\/\/maxiloface.com.co\/wp-content\/uploads\/2022\/03\/img-rinoplastia-1980-1-764x1024.jpg 764w, https:\/\/maxiloface.com.co\/wp-content\/uploads\/2022\/03\/img-rinoplastia-1980-1-224x300.jpg 224w, https:\/\/maxiloface.com.co\/wp-content\/uploads\/2022\/03\/img-rinoplastia-1980-1-768x1030.jpg 768w, https:\/\/maxiloface.com.co\/wp-content\/uploads\/2022\/03\/img-rinoplastia-1980-1-1146x1536.jpg 1146w, https:\/\/maxiloface.com.co\/wp-content\/uploads\/2022\/03\/img-rinoplastia-1980-1.jpg 1479w\" sizes=\"auto, (max-width: 764px) 100vw, 764px\" \/>\t\t\t\t\t\t\t\t\t\t\t\t\t\t\t<\/div>\n\t\t\t\t<\/div>\n\t\t\t\t\t<\/div>\n\t\t<\/div>\n\t\t\t\t<div class=\"elementor-column elementor-col-50 elementor-inner-column elementor-element elementor-element-e61bfc4\" data-id=\"e61bfc4\" data-element_type=\"column\">\n\t\t\t<div class=\"elementor-widget-wrap elementor-element-populated\">\n\t\t\t\t\t\t\t\t<div class=\"elementor-element elementor-element-bb28d99 elementor-widget elementor-widget-heading\" data-id=\"bb28d99\" data-element_type=\"widget\" data-widget_type=\"heading.default\">\n\t\t\t\t<div class=\"elementor-widget-container\">\n\t\t\t<h2 class=\"elementor-heading-title elementor-size-default\">\u00bfEn qu\u00e9 consiste?<\/h2>\t\t<\/div>\n\t\t\t\t<\/div>\n\t\t\t\t<div class=\"elementor-element elementor-element-036482b elementor-widget elementor-widget-text-editor\" data-id=\"036482b\" data-element_type=\"widget\" data-widget_type=\"text-editor.default\">\n\t\t\t\t<div class=\"elementor-widget-container\">\n\t\t\t\t\t\t\t<p>La rinoplastia es la t\u00e9cnica quir\u00fargica destinada a mejorar la apariencia de la nariz y armonizarla con su rostro. Cada vez m\u00e1s personas deciden someterse a una operaci\u00f3n de rinoplastia, ya sea porque no se encuentran a gusto con la forma de su nariz o por motivos de salud: tabique desviado, dificultades para la respiraci\u00f3n, traumatismos que desviaron la nariz, fracturas antiguas, etc.<\/p><p>Es importante que tenga una expectativa realista en cuanto a los resultados, y que entienda la imagen que quiere lograr. El paciente ideal es el que tiene la madurez emocional para comprender que se trata de acrecentar su propia belleza, no de parecerse a otra persona. La edad es un factor de relevancia, no es conveniente realizar la operaci\u00f3n antes de los 14 o 15 a\u00f1os, ya que la nariz debe estar totalmente desarrollada.<\/p>\t\t\t\t\t\t<\/div>\n\t\t\t\t<\/div>\n\t\t\t\t<div class=\"elementor-element elementor-element-c31c1dc elementor-widget elementor-widget-text-editor\" data-id=\"c31c1dc\" data-element_type=\"widget\" data-widget_type=\"text-editor.default\">\n\t\t\t\t<div class=\"elementor-widget-container\">\n\t\t\t\t\t\t\t<p>El paciente podr\u00e1 ver en el computador, gracias a un avanzado programa de simulaci\u00f3n, el resultado que va a obtener  tras la operaci\u00f3n de su nariz. El Dr. Luis Alberto Guerra Araujo, mediante fotos pre quir\u00fargicas, realiza las modificaciones pertinentes, para obtener un resultado lo m\u00e1s parecido a la realidad. El objetivo es  huir de  resultados estereotipados y adaptar la nariz del paciente a los rasgos y proporciones anat\u00f3micas de su rostro.<\/p>\t\t\t\t\t\t<\/div>\n\t\t\t\t<\/div>\n\t\t\t\t<div class=\"elementor-element elementor-element-0197e1c elementor-widget elementor-widget-heading\" data-id=\"0197e1c\" data-element_type=\"widget\" data-widget_type=\"heading.default\">\n\t\t\t\t<div class=\"elementor-widget-container\">\n\t\t\t<h2 class=\"elementor-heading-title elementor-size-default\">Duraci\u00f3n<\/h2>\t\t<\/div>\n\t\t\t\t<\/div>\n\t\t\t\t<div class=\"elementor-element elementor-element-da5303b elementor-widget elementor-widget-text-editor\" data-id=\"da5303b\" data-element_type=\"widget\" data-widget_type=\"text-editor.default\">\n\t\t\t\t<div class=\"elementor-widget-container\">\n\t\t\t\t\t\t\t<p>La cirug\u00eda dura aproximadamente entre una y dos horas y seg\u00fan el caso de cada paciente se puede realizar con:<\/p><p>\u00a0<\/p><ul><li>Anestesia Local m\u00e1s Sedaci\u00f3n Farmacol\u00f3gica (Ambulatorio)<\/li><\/ul><ul><li>Anestesia General (Requiere un d\u00eda de hospitalizaci\u00f3n)<\/li><\/ul>\t\t\t\t\t\t<\/div>\n\t\t\t\t<\/div>\n\t\t\t\t\t<\/div>\n\t\t<\/div>\n\t\t\t\t\t\t\t<\/div>\n\t\t<\/section>\n\t\t\t\t<section class=\"elementor-section elementor-inner-section elementor-element elementor-element-8227403 elementor-section-boxed elementor-section-height-default elementor-section-height-default\" data-id=\"8227403\" data-element_type=\"section\" data-settings=\"{&quot;_ha_eqh_enable&quot;:false}\">\n\t\t\t\t\t\t<div class=\"elementor-container elementor-column-gap-default\">\n\t\t\t\t\t<div class=\"elementor-column elementor-col-100 elementor-inner-column elementor-element elementor-element-c12bd2c\" data-id=\"c12bd2c\" data-element_type=\"column\">\n\t\t\t<div class=\"elementor-widget-wrap elementor-element-populated\">\n\t\t\t\t\t\t\t\t<div class=\"elementor-element elementor-element-a30908f elementor-widget elementor-widget-heading\" data-id=\"a30908f\" data-element_type=\"widget\" data-widget_type=\"heading.default\">\n\t\t\t\t<div class=\"elementor-widget-container\">\n\t\t\t<h2 class=\"elementor-heading-title elementor-size-default\">Recuperaci\u00f3n y recomendaciones<br><\/h2>\t\t<\/div>\n\t\t\t\t<\/div>\n\t\t\t\t<div class=\"elementor-element elementor-element-c620417 elementor-widget elementor-widget-text-editor\" data-id=\"c620417\" data-element_type=\"widget\" data-widget_type=\"text-editor.default\">\n\t\t\t\t<div class=\"elementor-widget-container\">\n\t\t\t\t\t\t\t<p>Es una intervenci\u00f3n que no es, en general, dolorosa, aunque frecuentemente aparezcan moretones e inflamaci\u00f3n en la zona cercana a los ojos, durante unos pocos d\u00edas. A menudo se efect\u00faa un taponamiento de la nariz, durante unas horas o un d\u00eda, que puede incomodar al paciente y hacer que tenga que respirar temporalmente por la boca.<\/p><p>Normalmente la f\u00e9rula o vendaje r\u00edgido de pl\u00e1stico moldeable o de yeso, es retirado a la semana de la intervenci\u00f3n, para prevenir que la inflamaci\u00f3n modifique el resultado, y debe tenerse en cuenta que, una vez se retire el ap\u00f3sito, la nariz a\u00fan estar\u00e1 ligeramente edematizada y deber\u00e1 ser necesario esperar alg\u00fan tiempo, que puede variar de paciente a paciente, para contemplar el resultado definitivo.<\/p>\t\t\t\t\t\t<\/div>\n\t\t\t\t<\/div>\n\t\t\t\t<div class=\"elementor-element elementor-element-23786af elementor-widget elementor-widget-global elementor-global-1619 elementor-widget-button\" data-id=\"23786af\" data-element_type=\"widget\" data-widget_type=\"button.default\">\n\t\t\t\t<div class=\"elementor-widget-container\">\n\t\t\t\t\t<div class=\"elementor-button-wrapper\">\n\t\t\t<a href=\"https:\/\/maxiloface.com.co\/?page_id=75\" class=\"elementor-button-link elementor-button elementor-size-md\" role=\"button\">\n\t\t\t\t\t\t<span class=\"elementor-button-content-wrapper\">\n\t\t\t\t\t\t\t<span class=\"elementor-button-icon elementor-align-icon-right\">\n\t\t\t\t<i aria-hidden=\"true\" class=\"far fa-calendar-check\"><\/i>\t\t\t<\/span>\n\t\t\t\t\t\t<span class=\"elementor-button-text\">Agenda tu cita<\/span>\n\t\t<\/span>\n\t\t\t\t\t<\/a>\n\t\t<\/div>\n\t\t\t\t<\/div>\n\t\t\t\t<\/div>\n\t\t\t\t\t<\/div>\n\t\t<\/div>\n\t\t\t\t\t\t\t<\/div>\n\t\t<\/section>\n\t\t\t\t\t<\/div>\n\t\t<\/div>\n\t\t\t\t\t\t\t<\/div>\n\t\t<\/section>\n\t\t\t\t\t\t\t<\/div>\n\t\t","protected":false},"excerpt":{"rendered":"<p>Rinoplastia EN CONVENIO CON CAMBIO 19.80 \u00bfEn qu\u00e9 consiste? La rinoplastia es la t\u00e9cnica quir\u00fargica destinada a mejorar la apariencia de la nariz y armonizarla con su rostro. Cada vez m\u00e1s personas deciden someterse a una operaci\u00f3n de rinoplastia, ya sea porque no se encuentran a gusto con la forma de su nariz o por [&hellip;]<\/p>\n","protected":false},"author":1,"featured_media":0,"parent":0,"menu_order":0,"comment_status":"closed","ping_status":"closed","template":"elementor_header_footer","meta":{"_monsterinsights_skip_tracking":false,"_monsterinsights_sitenote_active":false,"_monsterinsights_sitenote_note":"","_monsterinsights_sitenote_category":0,"footnotes":""},"class_list":["post-1777","page","type-page","status-publish","hentry"],"_links":{"self":[{"href":"https:\/\/maxiloface.com.co\/index.php?rest_route=\/wp\/v2\/pages\/1777","targetHints":{"allow":["GET"]}}],"collection":[{"href":"https:\/\/maxiloface.com.co\/index.php?rest_route=\/wp\/v2\/pages"}],"about":[{"href":"https:\/\/maxiloface.com.co\/index.php?rest_route=\/wp\/v2\/types\/page"}],"author":[{"embeddable":true,"href":"https:\/\/maxiloface.com.co\/index.php?rest_route=\/wp\/v2\/users\/1"}],"replies":[{"embeddable":true,"href":"https:\/\/maxiloface.com.co\/index.php?rest_route=%2Fwp%2Fv2%2Fcomments&post=1777"}],"version-history":[{"count":5,"href":"https:\/\/maxiloface.com.co\/index.php?rest_route=\/wp\/v2\/pages\/1777\/revisions"}],"predecessor-version":[{"id":1799,"href":"https:\/\/maxiloface.com.co\/index.php?rest_route=\/wp\/v2\/pages\/1777\/revisions\/1799"}],"wp:attachment":[{"href":"https:\/\/maxiloface.com.co\/index.php?rest_route=%2Fwp%2Fv2%2Fmedia&parent=1777"}],"curies":[{"name":"wp","href":"https:\/\/api.w.org\/{rel}","templated":true}]}}