{"id":1676,"date":"2022-03-11T00:41:21","date_gmt":"2022-03-11T00:41:21","guid":{"rendered":"https:\/\/maxiloface.com.co\/?page_id=1676"},"modified":"2022-03-13T19:35:28","modified_gmt":"2022-03-13T19:35:28","slug":"rejuvenecimiento-facial","status":"publish","type":"page","link":"https:\/\/maxiloface.com.co\/?page_id=1676","title":{"rendered":"Rejuvenecimiento facial"},"content":{"rendered":"\t\t<div data-elementor-type=\"wp-page\" data-elementor-id=\"1676\" class=\"elementor elementor-1676\">\n\t\t\t\t\t\t\t\t\t<section class=\"elementor-section elementor-top-section elementor-element elementor-element-1ea7256 elementor-section-height-min-height elementor-section-boxed elementor-section-height-default elementor-section-items-middle\" data-id=\"1ea7256\" data-element_type=\"section\" data-settings=\"{&quot;background_background&quot;:&quot;classic&quot;,&quot;_ha_eqh_enable&quot;:false}\">\n\t\t\t\t\t\t\t<div class=\"elementor-background-overlay\"><\/div>\n\t\t\t\t\t\t\t<div class=\"elementor-container elementor-column-gap-default\">\n\t\t\t\t\t<div class=\"elementor-column elementor-col-100 elementor-top-column elementor-element elementor-element-cbff71b\" data-id=\"cbff71b\" data-element_type=\"column\">\n\t\t\t<div class=\"elementor-widget-wrap elementor-element-populated\">\n\t\t\t\t\t\t\t\t<div class=\"elementor-element elementor-element-1492a78 elementor-widget elementor-widget-heading\" data-id=\"1492a78\" data-element_type=\"widget\" data-widget_type=\"heading.default\">\n\t\t\t\t<div class=\"elementor-widget-container\">\n\t\t\t<style>\/*! elementor - v3.6.1 - 23-03-2022 *\/\n.elementor-heading-title{padding:0;margin:0;line-height:1}.elementor-widget-heading .elementor-heading-title[class*=elementor-size-]>a{color:inherit;font-size:inherit;line-height:inherit}.elementor-widget-heading .elementor-heading-title.elementor-size-small{font-size:15px}.elementor-widget-heading .elementor-heading-title.elementor-size-medium{font-size:19px}.elementor-widget-heading .elementor-heading-title.elementor-size-large{font-size:29px}.elementor-widget-heading .elementor-heading-title.elementor-size-xl{font-size:39px}.elementor-widget-heading .elementor-heading-title.elementor-size-xxl{font-size:59px}<\/style><h2 class=\"elementor-heading-title elementor-size-default\">Rejuvenecimiento Facial<\/h2>\t\t<\/div>\n\t\t\t\t<\/div>\n\t\t\t\t<div class=\"elementor-element elementor-element-1a42e3f elementor-widget elementor-widget-global elementor-global-1793 elementor-widget-text-editor\" data-id=\"1a42e3f\" data-element_type=\"widget\" data-widget_type=\"text-editor.default\">\n\t\t\t\t<div class=\"elementor-widget-container\">\n\t\t\t<style>\/*! elementor - v3.6.1 - 23-03-2022 *\/\n.elementor-widget-text-editor.elementor-drop-cap-view-stacked .elementor-drop-cap{background-color:#818a91;color:#fff}.elementor-widget-text-editor.elementor-drop-cap-view-framed .elementor-drop-cap{color:#818a91;border:3px solid;background-color:transparent}.elementor-widget-text-editor:not(.elementor-drop-cap-view-default) .elementor-drop-cap{margin-top:8px}.elementor-widget-text-editor:not(.elementor-drop-cap-view-default) .elementor-drop-cap-letter{width:1em;height:1em}.elementor-widget-text-editor .elementor-drop-cap{float:left;text-align:center;line-height:1;font-size:50px}.elementor-widget-text-editor .elementor-drop-cap-letter{display:inline-block}<\/style>\t\t\t\t<p><a href=\"http:\/\/cambio1980.com\/\">EN CONVENIO CON CAMBIO 19.80<\/a><\/p>\t\t\t\t\t\t<\/div>\n\t\t\t\t<\/div>\n\t\t\t\t\t<\/div>\n\t\t<\/div>\n\t\t\t\t\t\t\t<\/div>\n\t\t<\/section>\n\t\t\t\t<section class=\"elementor-section elementor-top-section elementor-element elementor-element-7e99e09 elementor-section-boxed elementor-section-height-default elementor-section-height-default\" data-id=\"7e99e09\" data-element_type=\"section\" data-settings=\"{&quot;_ha_eqh_enable&quot;:false}\">\n\t\t\t\t\t\t<div class=\"elementor-container elementor-column-gap-default\">\n\t\t\t\t\t<div class=\"elementor-column elementor-col-100 elementor-top-column elementor-element elementor-element-79d9221\" data-id=\"79d9221\" data-element_type=\"column\">\n\t\t\t<div class=\"elementor-widget-wrap elementor-element-populated\">\n\t\t\t\t\t\t\t\t<section class=\"elementor-section elementor-inner-section elementor-element elementor-element-b99e637 elementor-section-boxed elementor-section-height-default elementor-section-height-default\" data-id=\"b99e637\" data-element_type=\"section\" data-settings=\"{&quot;_ha_eqh_enable&quot;:false}\">\n\t\t\t\t\t\t<div class=\"elementor-container elementor-column-gap-default\">\n\t\t\t\t\t<div class=\"elementor-column elementor-col-50 elementor-inner-column elementor-element elementor-element-68f1da9\" data-id=\"68f1da9\" data-element_type=\"column\">\n\t\t\t<div class=\"elementor-widget-wrap elementor-element-populated\">\n\t\t\t\t\t\t\t\t<div class=\"elementor-element elementor-element-f20852e elementor-widget elementor-widget-image\" data-id=\"f20852e\" data-element_type=\"widget\" data-widget_type=\"image.default\">\n\t\t\t\t<div class=\"elementor-widget-container\">\n\t\t\t<style>\/*! elementor - v3.6.1 - 23-03-2022 *\/\n.elementor-widget-image{text-align:center}.elementor-widget-image a{display:inline-block}.elementor-widget-image a img[src$=\".svg\"]{width:48px}.elementor-widget-image img{vertical-align:middle;display:inline-block}<\/style>\t\t\t\t\t\t\t\t\t\t\t\t<img loading=\"lazy\" decoding=\"async\" width=\"800\" height=\"676\" src=\"https:\/\/maxiloface.com.co\/wp-content\/uploads\/2022\/03\/img-rejuvenecimiento-facial-1980.jpg\" class=\"attachment-large size-large\" alt=\"\" srcset=\"https:\/\/maxiloface.com.co\/wp-content\/uploads\/2022\/03\/img-rejuvenecimiento-facial-1980.jpg 1010w, https:\/\/maxiloface.com.co\/wp-content\/uploads\/2022\/03\/img-rejuvenecimiento-facial-1980-300x253.jpg 300w, https:\/\/maxiloface.com.co\/wp-content\/uploads\/2022\/03\/img-rejuvenecimiento-facial-1980-768x649.jpg 768w\" sizes=\"auto, (max-width: 800px) 100vw, 800px\" \/>\t\t\t\t\t\t\t\t\t\t\t\t\t\t\t<\/div>\n\t\t\t\t<\/div>\n\t\t\t\t\t<\/div>\n\t\t<\/div>\n\t\t\t\t<div class=\"elementor-column elementor-col-50 elementor-inner-column elementor-element elementor-element-e61bfc4\" data-id=\"e61bfc4\" data-element_type=\"column\">\n\t\t\t<div class=\"elementor-widget-wrap elementor-element-populated\">\n\t\t\t\t\t\t\t\t<div class=\"elementor-element elementor-element-bb28d99 elementor-widget elementor-widget-heading\" data-id=\"bb28d99\" data-element_type=\"widget\" data-widget_type=\"heading.default\">\n\t\t\t\t<div class=\"elementor-widget-container\">\n\t\t\t<h2 class=\"elementor-heading-title elementor-size-default\">\u00bfEn qu\u00e9 consiste?<\/h2>\t\t<\/div>\n\t\t\t\t<\/div>\n\t\t\t\t<div class=\"elementor-element elementor-element-036482b elementor-widget elementor-widget-text-editor\" data-id=\"036482b\" data-element_type=\"widget\" data-widget_type=\"text-editor.default\">\n\t\t\t\t<div class=\"elementor-widget-container\">\n\t\t\t\t\t\t\t\nCon el paso de los a\u00f1os se acent\u00faan los surcos entre la nariz y las mejillas (surcos nasogenianos), aparecen pliegues en el cuello y pierde su definici\u00f3n el \u00f3valo de la cara.\n\nEl Rejuvenecimiento Facial 19.80 es un procedimiento quir\u00fargico que busca recobrar la apariencia de los a\u00f1os, mediante la recuperaci\u00f3n de la posici\u00f3n natural de los vol\u00famenes faciales desplazados hacia abajo por efecto del paso del tiempo.\t\t\t\t\t\t<\/div>\n\t\t\t\t<\/div>\n\t\t\t\t<div class=\"elementor-element elementor-element-c31c1dc elementor-widget elementor-widget-text-editor\" data-id=\"c31c1dc\" data-element_type=\"widget\" data-widget_type=\"text-editor.default\">\n\t\t\t\t<div class=\"elementor-widget-container\">\n\t\t\t\t\t\t\t<p>Existen diversas t\u00e9cnicas por lo cual las incisiones var\u00edan as\u00ed como el \u00e1rea a tratar. Se reconocen tres \u00e1reas fundamentales: la regi\u00f3n frontal que incluye los p\u00e1rpados en las cuales las heridas se realizar\u00e1n en el cuero cabelludo y en los p\u00e1rpados; la regi\u00f3n de las mejillas con incisiones en la regi\u00f3n preauricular que se puede extender hasta detr\u00e1s de la oreja y la regi\u00f3n cervical que se trata desde la herida al frente de la oreja y puede requerir otra incisi\u00f3n en el pliegue debajo del ment\u00f3n.<\/p><p><span style=\"color: var( --e-global-color-text ); font-family: var( --e-global-typography-137009c-font-family ), Sans-serif; font-size: var( --e-global-typography-137009c-font-size ); font-style: var( --e-global-typography-text-font-style ); font-weight: var( --e-global-typography-text-font-weight ); letter-spacing: var( --e-global-typography-137009c-letter-spacing ); text-transform: var( --e-global-typography-text-text-transform ); word-spacing: var( --e-global-typography-137009c-word-spacing ); background-color: var( --e-global-color-c15569b );\">Algunas veces puede requerir de incisiones dentro de la boca para el tratamiento de la zona de los p\u00f3mulos y\/o la mand\u00edbula. Las zonas a tratar var\u00edan seg\u00fan cada paciente.<\/span><\/p>\t\t\t\t\t\t<\/div>\n\t\t\t\t<\/div>\n\t\t\t\t<div class=\"elementor-element elementor-element-0197e1c elementor-widget elementor-widget-heading\" data-id=\"0197e1c\" data-element_type=\"widget\" data-widget_type=\"heading.default\">\n\t\t\t\t<div class=\"elementor-widget-container\">\n\t\t\t<h2 class=\"elementor-heading-title elementor-size-default\">Duraci\u00f3n<\/h2>\t\t<\/div>\n\t\t\t\t<\/div>\n\t\t\t\t<div class=\"elementor-element elementor-element-da5303b elementor-widget elementor-widget-text-editor\" data-id=\"da5303b\" data-element_type=\"widget\" data-widget_type=\"text-editor.default\">\n\t\t\t\t<div class=\"elementor-widget-container\">\n\t\t\t\t\t\t\tLa cirug\u00eda dura entre tres a siete horas dependiendo de las \u00e1reas que se van a tratar. Se puede hacer con anestesia local, bajo sedaci\u00f3n o con anestesia general. Antes de decidir a practicarse esta cirug\u00eda piense cuidadosamente en las expectativas que tiene y disc\u00fatalas con su cirujano pl\u00e1stico.\t\t\t\t\t\t<\/div>\n\t\t\t\t<\/div>\n\t\t\t\t\t<\/div>\n\t\t<\/div>\n\t\t\t\t\t\t\t<\/div>\n\t\t<\/section>\n\t\t\t\t<section class=\"elementor-section elementor-inner-section elementor-element elementor-element-8227403 elementor-section-boxed elementor-section-height-default elementor-section-height-default\" data-id=\"8227403\" data-element_type=\"section\" data-settings=\"{&quot;_ha_eqh_enable&quot;:false}\">\n\t\t\t\t\t\t<div class=\"elementor-container elementor-column-gap-default\">\n\t\t\t\t\t<div class=\"elementor-column elementor-col-100 elementor-inner-column elementor-element elementor-element-c12bd2c\" data-id=\"c12bd2c\" data-element_type=\"column\">\n\t\t\t<div class=\"elementor-widget-wrap elementor-element-populated\">\n\t\t\t\t\t\t\t\t<div class=\"elementor-element elementor-element-a30908f elementor-widget elementor-widget-heading\" data-id=\"a30908f\" data-element_type=\"widget\" data-widget_type=\"heading.default\">\n\t\t\t\t<div class=\"elementor-widget-container\">\n\t\t\t<h2 class=\"elementor-heading-title elementor-size-default\">Recuperaci\u00f3n y recomendaciones<br><\/h2>\t\t<\/div>\n\t\t\t\t<\/div>\n\t\t\t\t<div class=\"elementor-element elementor-element-c620417 elementor-widget elementor-widget-text-editor\" data-id=\"c620417\" data-element_type=\"widget\" data-widget_type=\"text-editor.default\">\n\t\t\t\t<div class=\"elementor-widget-container\">\n\t\t\t\t\t\t\t<p>Una vez termine la cirug\u00eda, se encontrar\u00e1 con unos tubos de drenaje y un vendaje compresivo alrededor de su cabeza, estos son para evitar la formaci\u00f3n de hematomas (colecciones de sangre) y se retirar\u00e1n al d\u00eda siguiente de la cirug\u00eda. Los puntos se retirar\u00e1n entre el 8\u00ba y 15\u00ba d\u00eda despu\u00e9s de la cirug\u00eda. El dolor postoperatorio de esta cirug\u00eda es m\u00ednimo.<\/p><p><span style=\"color: var( --e-global-color-text ); font-family: var( --e-global-typography-137009c-font-family ), Sans-serif; font-size: var( --e-global-typography-137009c-font-size ); font-style: var( --e-global-typography-text-font-style ); font-weight: var( --e-global-typography-text-font-weight ); letter-spacing: var( --e-global-typography-137009c-letter-spacing ); text-transform: var( --e-global-typography-text-text-transform ); word-spacing: var( --e-global-typography-137009c-word-spacing ); background-color: var( --e-global-color-c15569b );\">Tome estrictamente los medicamentos formulados por su Cirujano, analg\u00e9sico y antibi\u00f3tico (para evitar la infecci\u00f3n).<\/span><\/p><p><span style=\"background-color: var( --e-global-color-c15569b ); color: var( --e-global-color-text ); font-family: var( --e-global-typography-137009c-font-family ), Sans-serif; font-size: var( --e-global-typography-137009c-font-size ); font-style: var( --e-global-typography-text-font-style ); font-weight: var( --e-global-typography-text-font-weight ); letter-spacing: var( --e-global-typography-137009c-letter-spacing ); text-transform: var( --e-global-typography-text-text-transform ); word-spacing: var( --e-global-typography-137009c-word-spacing );\">Al d\u00eda siguiente est\u00e1 en capacidad de levantarse y deambular, se podr\u00e1 duchar y lavar su cabello. Evite estar acostado (a) y al estarlo tenga la cabecera levantada a 30\u00b0 aproximadamente para favorecer el drenaje de la hinchaz\u00f3n.<\/span><\/p><p><span style=\"color: var( --e-global-color-text ); font-family: var( --e-global-typography-137009c-font-family ), Sans-serif; font-size: var( --e-global-typography-137009c-font-size ); font-style: var( --e-global-typography-text-font-style ); font-weight: var( --e-global-typography-text-font-weight ); letter-spacing: var( --e-global-typography-137009c-letter-spacing ); text-transform: var( --e-global-typography-text-text-transform ); word-spacing: var( --e-global-typography-137009c-word-spacing ); background-color: var( --e-global-color-c15569b );\">La primera semana podr\u00e1 tener morados en su cara, estos se ir\u00e1n tornando amarillos y hacia las dos semanas estos habr\u00e1n desaparecido en buena parte (los pacientes regresan a sus labores cotidianas entre los d\u00edas 10\u00ba y 15\u00ba.)Es adecuado para lograr mayor duraci\u00f3n en las mejoras obtenidas el uso de protectores solares, el cuidado de la piel y la utilizaci\u00f3n de tratamientos no invasivos.<\/span><\/p>\t\t\t\t\t\t<\/div>\n\t\t\t\t<\/div>\n\t\t\t\t<div class=\"elementor-element elementor-element-23786af elementor-widget elementor-widget-global elementor-global-1619 elementor-widget-button\" data-id=\"23786af\" data-element_type=\"widget\" data-widget_type=\"button.default\">\n\t\t\t\t<div class=\"elementor-widget-container\">\n\t\t\t\t\t<div class=\"elementor-button-wrapper\">\n\t\t\t<a href=\"https:\/\/maxiloface.com.co\/?page_id=75\" class=\"elementor-button-link elementor-button elementor-size-md\" role=\"button\">\n\t\t\t\t\t\t<span class=\"elementor-button-content-wrapper\">\n\t\t\t\t\t\t\t<span class=\"elementor-button-icon elementor-align-icon-right\">\n\t\t\t\t<i aria-hidden=\"true\" class=\"far fa-calendar-check\"><\/i>\t\t\t<\/span>\n\t\t\t\t\t\t<span class=\"elementor-button-text\">Agenda tu cita<\/span>\n\t\t<\/span>\n\t\t\t\t\t<\/a>\n\t\t<\/div>\n\t\t\t\t<\/div>\n\t\t\t\t<\/div>\n\t\t\t\t\t<\/div>\n\t\t<\/div>\n\t\t\t\t\t\t\t<\/div>\n\t\t<\/section>\n\t\t\t\t\t<\/div>\n\t\t<\/div>\n\t\t\t\t\t\t\t<\/div>\n\t\t<\/section>\n\t\t\t\t\t\t\t<\/div>\n\t\t","protected":false},"excerpt":{"rendered":"<p>Rejuvenecimiento Facial EN CONVENIO CON CAMBIO 19.80 \u00bfEn qu\u00e9 consiste? Con el paso de los a\u00f1os se acent\u00faan los surcos entre la nariz y las mejillas (surcos nasogenianos), aparecen pliegues en el cuello y pierde su definici\u00f3n el \u00f3valo de la cara. El Rejuvenecimiento Facial 19.80 es un procedimiento quir\u00fargico que busca recobrar la apariencia [&hellip;]<\/p>\n","protected":false},"author":1,"featured_media":0,"parent":0,"menu_order":0,"comment_status":"closed","ping_status":"closed","template":"elementor_header_footer","meta":{"_monsterinsights_skip_tracking":false,"_monsterinsights_sitenote_active":false,"_monsterinsights_sitenote_note":"","_monsterinsights_sitenote_category":0,"footnotes":""},"class_list":["post-1676","page","type-page","status-publish","hentry"],"_links":{"self":[{"href":"https:\/\/maxiloface.com.co\/index.php?rest_route=\/wp\/v2\/pages\/1676","targetHints":{"allow":["GET"]}}],"collection":[{"href":"https:\/\/maxiloface.com.co\/index.php?rest_route=\/wp\/v2\/pages"}],"about":[{"href":"https:\/\/maxiloface.com.co\/index.php?rest_route=\/wp\/v2\/types\/page"}],"author":[{"embeddable":true,"href":"https:\/\/maxiloface.com.co\/index.php?rest_route=\/wp\/v2\/users\/1"}],"replies":[{"embeddable":true,"href":"https:\/\/maxiloface.com.co\/index.php?rest_route=%2Fwp%2Fv2%2Fcomments&post=1676"}],"version-history":[{"count":31,"href":"https:\/\/maxiloface.com.co\/index.php?rest_route=\/wp\/v2\/pages\/1676\/revisions"}],"predecessor-version":[{"id":1809,"href":"https:\/\/maxiloface.com.co\/index.php?rest_route=\/wp\/v2\/pages\/1676\/revisions\/1809"}],"wp:attachment":[{"href":"https:\/\/maxiloface.com.co\/index.php?rest_route=%2Fwp%2Fv2%2Fmedia&parent=1676"}],"curies":[{"name":"wp","href":"https:\/\/api.w.org\/{rel}","templated":true}]}}